{"id":1234,"date":"2024-05-16T14:33:57","date_gmt":"2024-05-16T14:33:57","guid":{"rendered":"https:\/\/rng-ngn.ca\/?page_id=1234"},"modified":"2024-05-16T15:03:12","modified_gmt":"2024-05-16T15:03:12","slug":"faisons-la-difference-ensemble","status":"publish","type":"page","link":"https:\/\/rng-ngn.thedev.ca\/fr\/faisons-la-difference-ensemble\/","title":{"rendered":""},"content":{"rendered":"\n<header\n  id=\"block_2fbac26ab030b7d8cb07e21602f806e0\"\n  class=\"block hero hero--short\"\n      style=\"--bg-image: url(&quot;https:\/\/rng-ngn.thedev.ca\/wp-content\/uploads\/2024\/01\/banner-about.jpg&quot;);\"\n    tabindex=\"0\"\n>\n  <div class=\"container container--grid\">\n    <div class=\"hero__content\">\n              <h1 class=\"hero__headline\">\n          Faisons la diff\u00e9rence ensemble !        <\/h1>\n              <div class=\"hero__byline\">\n          <p>Appel a tous les Premi\u00e8res Nations, Gardiens, et praticiens des solutions climatiques naturelles (SCN) ! <\/p>\n        <\/div>\n          <\/div>\n  <\/div>\n  <svg\n  class=\"waves waves--1\"\n  xmlns=\"http:\/\/www.w3.org\/2000\/svg\"\n  viewBox=\"0 0 1440.35 73.7\"\n>\n  <path\n    d=\"m1440.35,52.79v19.91H0V3.76C46.62-2.98,88.46.24,132.81,6.36c28.59,3.94,58.23,9.09,90.87,13.56,23.84,3.26,49.28,6.17,77.09,7.97,124.92,8.1,280.32-40.83,374.41-24.13,64.81,11.51,118.11,30.05,166.22,42.48,21.73,5.62,42.41,9.98,62.6,11.9,14.77,1.4,34.4-.75,56.66-4.69,75.51-13.34,181.31-47.25,230.59-33.01,29.07,8.4,71.52,16.09,114.52,21.88,51.2,6.88,103.18,11.05,134.23,10.48.12-.01.23-.01.35-.01Z\"\n    fill=\"var(--wp--preset--color--primary-100)\"\n    stroke-width=\"0\"\n  \/>\n  <path\n    d=\"m1440,47.85v25.85H0v-18.95C37.93,49.03,81.17,15.5,132.81,7.36c5.99-.95,12.1-1.55,18.33-1.73,23.69-.56,48.02,6.38,72.54,15.29,34.56,12.55,69.49,29,103.48,33.83,58.09,8.25,130.02-29.33,208.16-24.7,58.02,5.21,80.29,24.06,148.77,31.21,50.63,5.29,117.36-8.92,151.87-13.41,1.78-.23,3.59-.44,5.44-.61,32.39-3.15,75.01,1.58,119.26,7.21,68.65,8.75,141.24,19.68,185.65,6.81,38.33-11.11,100.66-16.45,159.46-17.94,55.76-1.42,108.33.64,134.23,4.53Z\"\n    fill=\"#fff\"\n    stroke-width=\"0\"\n  \/>\n<\/svg><\/header>\n\n<section\n  id=\"block_98a2eb5528d88d3d2117e2b72e0da3f4\"\n  class=\"block section-group pt-90 pb-90\"\n    tabindex=\"0\"\n>\n  <div class=\"container container--grid\">\n        \n    <div class=\"block__inner\">\n\n<div\n  id=\"participez-a-nos-tables-rondes-sur-les-solutions-climatiques-naturelles\"\n  class=\"block regular-content block--subgrid\"\n  >\n\n  \n  <div class=\"block__content\">\n        <h2 class=\"block__title\">Participez \u00e0 nos tables rondes sur les solutions climatiques naturelles !<\/h2>\n        <div class=\"block__text\">\n      <p><a href=\"https:\/\/rng-ngn.thedev.ca\/lets-make-a-difference-together\/\" target=\"_blank\" rel=\"noopener\">Click here to read this in English<\/a><\/p>\n<p>Le R\u00e9seau national des gardiens des Premi\u00e8res Nations (RNG) est ravi de vous inviter \u00e0 ses prochaines tables rondes r\u00e9gionales virtuelles. Au cours de ces sessions engageantes de 3 heures, nous explorerons les solutions climatiques naturelles qui vous concernent et la fa\u00e7on dont nous pouvons adapter le fonds SCN afin de soutenir des projets adapt\u00e9s \u00e0 vos communaut\u00e9s.<\/p>\n<p>Rejoignez-nous pour:<\/p>\n<ul>\n<li>\u00c9changer des histoires de solutions naturelles pour le climat<\/li>\n<li>Relever les d\u00e9fis propres \u00e0 votre r\u00e9gion<\/li>\n<li>Pr\u00e9senter les projets r\u00e9ussis de SCN<\/li>\n<li>Se concentrer sur les besoins de renforcement des capacit\u00e9s qui comptent le plus pour VOUS<\/li>\n<\/ul>\n<p>Ensemble, nous pouvons collaborer, partager nos connaissances et cr\u00e9er un avenir viable !<\/p>\n<p><strong>Qu&#8217;est-ce que le NGN ? <\/strong><\/p>\n<p><span class=\"NormalTextRun SCXW176314374 BCX0\">Nous sommes un nouveau r\u00e9seau \u00e0 but non lucratif dirig\u00e9 par les Premi\u00e8res nations, qui assure la protection des gardiens<\/span>, qui s&#8217;occupent des terres et des eaux, de disposer de tous les outils dont ils ont besoin pour prosp\u00e9rer.<\/p>\n<p>Parmi plusieurs de nos projets, NGN cr\u00e9e un processus simplifi\u00e9 permettant aux gardiens de demander de l&#8217;aide gr\u00e2ce \u00e0 un processus de demande fa\u00e7onn\u00e9 par les perspectives des Premi\u00e8res Nations et l&#8217;exp\u00e9rience v\u00e9cue des gardiens.<\/p>\n<p><a href=\"https:\/\/rng-ngn.thedev.ca\/fr\/\" target=\"_blank\" rel=\"noopener\">EN SAVOIR PLUS <\/a><\/p>\n<p><strong>Qu&#8217;est-ce que les fonds FSCN ? <\/strong><\/p>\n<p><span class=\"NormalTextRun SCXW21353383 BCX0\">Les fonds <\/span><span class=\"NormalTextRun SCXW21353383 BCX0\">solutions climatiques naturelles (FSCN)<\/span><span class=\"NormalTextRun SCXW21353383 BCX0\">\u00a0<\/span> vient des fonds d&#8217;Environnement et Changement Climatique Canada (ECCC) et vise \u00e0 donner aux communaut\u00e9s et organisations des Premi\u00e8res Nations les moyens de renforcer leurs capacit\u00e9s et d&#8217;entreprendre des activit\u00e9s sur le terrain pour la restauration \u00e9cologique, l&#8217;am\u00e9lioration de la gestion des terres et la conservation. Il s&#8217;agit d&#8217;actions qui capturent le carbone et am\u00e9liorent la biodiversit\u00e9, la r\u00e9silience du climat et le bien-\u00eatre de la population.<\/p>\n<p>ECCC transf\u00e8re la gestion du fonds SCN \u00e0 RNG afin d&#8217;\u00e9tablir un nouveau type de partenariat entre les Premi\u00e8res Nations et le Canada &#8211; un partenariat qui met la r\u00e9conciliation au centre de ses pr\u00e9occupations et qui permet aux Premi\u00e8res Nations de se r\u00e9unir sur un pied d&#8217;\u00e9galit\u00e9 pour prendre soin de nos terres et de nos eaux.<\/p>\n<p><a href=\"https:\/\/www.canada.ca\/fr\/environnement-changement-climatique\/services\/financement-environnement\/programmes\/solutions-climatiques-naturelles-dirigees-par-autochtones.html\" target=\"_blank\" rel=\"noopener\">EN SAVOIR PLUS<\/a><\/p>\n<p><strong>Nous vous demandons de bien vouloir vous inscrire \u00e0 votre session r\u00e9gionale en utilisant les liens ci-dessous : <\/strong><\/p>\n<p><strong>C.-B. et Yukon <\/strong><br \/>\nMardi 28 mai 2024 &#8211; 10h HNA<br \/>\n<strong style=\"color: red;\">S&#8217;inscrire avant le 26 mai 2024\u00a0<\/strong><br \/>\n<a href=\"https:\/\/NGN-BCYUKON.eventbrite.ca\" target=\"_blank\" rel=\"noopener\">ENREGISTRE <\/a><\/p>\n<hr align=\"left\" width=\"25%\" \/>\n<p><strong>Prairies et Territoires du Nord-Ouest <\/strong><br \/>\nJeudi 30 mai 2024 &#8211; 11h HNR<br \/>\n<strong style=\"color: red;\">S&#8217;inscrire avant le 28 mai 2024<\/strong><br \/>\n<a href=\"https:\/\/NGN-PrairiesNWT.eventbrite.ca\" target=\"_blank\" rel=\"noopener\">ENREGISTRE <\/a><\/p>\n<hr align=\"left\" width=\"25%\" \/>\n<p><strong>Ontario<\/strong><br \/>\nMardi 4 juin 2024 &#8211; 13h HNE<br \/>\n<strong style=\"color: red;\">S&#8217;inscrire avant le 2 juin 2024 <\/strong><br \/>\n<a href=\"https:\/\/NGN-Ontario.eventbrite.ca\" target=\"_blank\" rel=\"noopener\">ENREGISTRE <\/a><\/p>\n<hr align=\"left\" width=\"25%\" \/>\n<p><strong>Atlantique <\/strong><br \/>\nJeudi 6 juin 2024 &#8211; 14h HNA<br \/>\n<strong style=\"color: red;\">S&#8217;inscrire avant le 4 juin 2024 <\/strong><br \/>\n<a href=\"https:\/\/NGN-Atlantic.eventbrite.ca\" target=\"_blank\" rel=\"noopener\">ENREGISTRE <\/a><\/p>\n<hr align=\"left\" width=\"25%\" \/>\n<p><strong>Qu\u00e9bec <\/strong><br \/>\nMardi 11 juin 2024 &#8211; 13h HNE<br \/>\n<strong style=\"color: red;\">S&#8217;inscrire avant le 9 juin 2024 <\/strong><br \/>\n<a href=\"https:\/\/NGN-Quebec.eventbrite.ca\" target=\"_blank\" rel=\"noopener\">ENREGISTRE <\/a><\/p>\n    <\/div>\n      <\/div>\n<\/div>\n\n<\/div>\n\n      <\/div>\n\n  <\/section>\n\n\n<header\n  id=\"block_1bb3c4f51e511ce898b65dad5a3458bd\"\n  class=\"block hero\"\n    tabindex=\"0\"\n>\n  <div class=\"container container--grid\">\n    <div class=\"hero__content\">\n              <h1 class=\"hero__headline\">\n                  <\/h1>\n          <\/div>\n  <\/div>\n  <svg\n  class=\"waves waves--1\"\n  xmlns=\"http:\/\/www.w3.org\/2000\/svg\"\n  viewBox=\"0 0 1440.35 73.7\"\n>\n  <path\n    d=\"m1440.35,52.79v19.91H0V3.76C46.62-2.98,88.46.24,132.81,6.36c28.59,3.94,58.23,9.09,90.87,13.56,23.84,3.26,49.28,6.17,77.09,7.97,124.92,8.1,280.32-40.83,374.41-24.13,64.81,11.51,118.11,30.05,166.22,42.48,21.73,5.62,42.41,9.98,62.6,11.9,14.77,1.4,34.4-.75,56.66-4.69,75.51-13.34,181.31-47.25,230.59-33.01,29.07,8.4,71.52,16.09,114.52,21.88,51.2,6.88,103.18,11.05,134.23,10.48.12-.01.23-.01.35-.01Z\"\n    fill=\"var(--wp--preset--color--primary-100)\"\n    stroke-width=\"0\"\n  \/>\n  <path\n    d=\"m1440,47.85v25.85H0v-18.95C37.93,49.03,81.17,15.5,132.81,7.36c5.99-.95,12.1-1.55,18.33-1.73,23.69-.56,48.02,6.38,72.54,15.29,34.56,12.55,69.49,29,103.48,33.83,58.09,8.25,130.02-29.33,208.16-24.7,58.02,5.21,80.29,24.06,148.77,31.21,50.63,5.29,117.36-8.92,151.87-13.41,1.78-.23,3.59-.44,5.44-.61,32.39-3.15,75.01,1.58,119.26,7.21,68.65,8.75,141.24,19.68,185.65,6.81,38.33-11.11,100.66-16.45,159.46-17.94,55.76-1.42,108.33.64,134.23,4.53Z\"\n    fill=\"#fff\"\n    stroke-width=\"0\"\n  \/>\n<\/svg><\/header>\n\n\n<header\n  id=\"block_008e488af96608aaffc1d12e82a465f0\"\n  class=\"block hero\"\n    tabindex=\"0\"\n>\n  <div class=\"container container--grid\">\n    <div class=\"hero__content\">\n              <h1 class=\"hero__headline\">\n                  <\/h1>\n          <\/div>\n  <\/div>\n  <\/header>","protected":false},"excerpt":{"rendered":"","protected":false},"author":2,"featured_media":0,"parent":0,"menu_order":0,"comment_status":"closed","ping_status":"closed","template":"","meta":{"_acf_changed":false,"footnotes":""},"class_list":["post-1234","page","type-page","status-publish","hentry"],"acf":[],"yoast_head":"<!-- This site is optimized with the Yoast SEO plugin v22.6 - https:\/\/yoast.com\/wordpress\/plugins\/seo\/ -->\n<title>- R\u00e9seau national des gardiens des Premi\u00e8res Nations<\/title>\n<meta name=\"robots\" content=\"noindex, follow, max-snippet:-1, max-image-preview:large, max-video-preview:-1\" \/>\n<meta property=\"og:locale\" content=\"fr_FR\" \/>\n<meta property=\"og:type\" content=\"article\" \/>\n<meta property=\"og:title\" content=\"- R\u00e9seau national des gardiens des Premi\u00e8res Nations\" \/>\n<meta property=\"og:url\" content=\"https:\/\/rng-ngn.thedev.ca\/fr\/faisons-la-difference-ensemble\/\" \/>\n<meta property=\"og:site_name\" content=\"R\u00e9seau national des gardiens des Premi\u00e8res Nations\" \/>\n<meta property=\"article:publisher\" content=\"http:\/\/www.facebook.com\/ngnrng\" \/>\n<meta property=\"article:modified_time\" content=\"2024-05-16T15:03:12+00:00\" \/>\n<meta name=\"twitter:card\" content=\"summary_large_image\" \/>\n<script type=\"application\/ld+json\" class=\"yoast-schema-graph\">{\"@context\":\"https:\/\/schema.org\",\"@graph\":[{\"@type\":\"WebPage\",\"@id\":\"https:\/\/rng-ngn.thedev.ca\/fr\/faisons-la-difference-ensemble\/\",\"url\":\"https:\/\/rng-ngn.thedev.ca\/fr\/faisons-la-difference-ensemble\/\",\"name\":\"- R\u00e9seau national des gardiens des Premi\u00e8res Nations\",\"isPartOf\":{\"@id\":\"https:\/\/rng-ngn.thedev.ca\/#website\"},\"datePublished\":\"2024-05-16T14:33:57+00:00\",\"dateModified\":\"2024-05-16T15:03:12+00:00\",\"inLanguage\":\"fr-FR\",\"potentialAction\":[{\"@type\":\"ReadAction\",\"target\":[\"https:\/\/rng-ngn.thedev.ca\/fr\/faisons-la-difference-ensemble\/\"]}]},{\"@type\":\"WebSite\",\"@id\":\"https:\/\/rng-ngn.thedev.ca\/#website\",\"url\":\"https:\/\/rng-ngn.thedev.ca\/\",\"name\":\"First Nations National Guardians Network\",\"description\":\"We provide the tools, opportunities and investments that Guardians need to ensure thriving programs and regional networks.\",\"publisher\":{\"@id\":\"https:\/\/rng-ngn.thedev.ca\/#organization\"},\"potentialAction\":[{\"@type\":\"SearchAction\",\"target\":{\"@type\":\"EntryPoint\",\"urlTemplate\":\"https:\/\/rng-ngn.thedev.ca\/?s={search_term_string}\"},\"query-input\":\"required name=search_term_string\"}],\"inLanguage\":\"fr-FR\"},{\"@type\":\"Organization\",\"@id\":\"https:\/\/rng-ngn.thedev.ca\/#organization\",\"name\":\"First Nations National Guardians Network\",\"url\":\"https:\/\/rng-ngn.thedev.ca\/\",\"logo\":{\"@type\":\"ImageObject\",\"inLanguage\":\"fr-FR\",\"@id\":\"https:\/\/rng-ngn.thedev.ca\/#\/schema\/logo\/image\/\",\"url\":\"https:\/\/rng-ngn.thedev.ca\/wp-content\/uploads\/2024\/03\/rng_ngn_logo_horizontal_rgb.jpg\",\"contentUrl\":\"https:\/\/rng-ngn.thedev.ca\/wp-content\/uploads\/2024\/03\/rng_ngn_logo_horizontal_rgb.jpg\",\"width\":1362,\"height\":431,\"caption\":\"First Nations National Guardians Network\"},\"image\":{\"@id\":\"https:\/\/rng-ngn.thedev.ca\/#\/schema\/logo\/image\/\"},\"sameAs\":[\"http:\/\/www.facebook.com\/ngnrng\",\"http:\/\/www.linkedin.com\/company\/ngn-rng\",\"https:\/\/www.instagram.com\/national_guardians_network\/\"]}]}<\/script>\n<!-- \/ Yoast SEO plugin. -->","yoast_head_json":{"title":"- R\u00e9seau national des gardiens des Premi\u00e8res Nations","robots":{"index":"noindex","follow":"follow","max-snippet":"max-snippet:-1","max-image-preview":"max-image-preview:large","max-video-preview":"max-video-preview:-1"},"og_locale":"fr_FR","og_type":"article","og_title":"- R\u00e9seau national des gardiens des Premi\u00e8res Nations","og_url":"https:\/\/rng-ngn.thedev.ca\/fr\/faisons-la-difference-ensemble\/","og_site_name":"R\u00e9seau national des gardiens des Premi\u00e8res Nations","article_publisher":"http:\/\/www.facebook.com\/ngnrng","article_modified_time":"2024-05-16T15:03:12+00:00","twitter_card":"summary_large_image","schema":{"@context":"https:\/\/schema.org","@graph":[{"@type":"WebPage","@id":"https:\/\/rng-ngn.thedev.ca\/fr\/faisons-la-difference-ensemble\/","url":"https:\/\/rng-ngn.thedev.ca\/fr\/faisons-la-difference-ensemble\/","name":"- R\u00e9seau national des gardiens des Premi\u00e8res Nations","isPartOf":{"@id":"https:\/\/rng-ngn.thedev.ca\/#website"},"datePublished":"2024-05-16T14:33:57+00:00","dateModified":"2024-05-16T15:03:12+00:00","inLanguage":"fr-FR","potentialAction":[{"@type":"ReadAction","target":["https:\/\/rng-ngn.thedev.ca\/fr\/faisons-la-difference-ensemble\/"]}]},{"@type":"WebSite","@id":"https:\/\/rng-ngn.thedev.ca\/#website","url":"https:\/\/rng-ngn.thedev.ca\/","name":"First Nations National Guardians Network","description":"We provide the tools, opportunities and investments that Guardians need to ensure thriving programs and regional networks.","publisher":{"@id":"https:\/\/rng-ngn.thedev.ca\/#organization"},"potentialAction":[{"@type":"SearchAction","target":{"@type":"EntryPoint","urlTemplate":"https:\/\/rng-ngn.thedev.ca\/?s={search_term_string}"},"query-input":"required name=search_term_string"}],"inLanguage":"fr-FR"},{"@type":"Organization","@id":"https:\/\/rng-ngn.thedev.ca\/#organization","name":"First Nations National Guardians Network","url":"https:\/\/rng-ngn.thedev.ca\/","logo":{"@type":"ImageObject","inLanguage":"fr-FR","@id":"https:\/\/rng-ngn.thedev.ca\/#\/schema\/logo\/image\/","url":"https:\/\/rng-ngn.thedev.ca\/wp-content\/uploads\/2024\/03\/rng_ngn_logo_horizontal_rgb.jpg","contentUrl":"https:\/\/rng-ngn.thedev.ca\/wp-content\/uploads\/2024\/03\/rng_ngn_logo_horizontal_rgb.jpg","width":1362,"height":431,"caption":"First Nations National Guardians Network"},"image":{"@id":"https:\/\/rng-ngn.thedev.ca\/#\/schema\/logo\/image\/"},"sameAs":["http:\/\/www.facebook.com\/ngnrng","http:\/\/www.linkedin.com\/company\/ngn-rng","https:\/\/www.instagram.com\/national_guardians_network\/"]}]}},"_links":{"self":[{"href":"https:\/\/rng-ngn.thedev.ca\/fr\/wp-json\/wp\/v2\/pages\/1234","targetHints":{"allow":["GET"]}}],"collection":[{"href":"https:\/\/rng-ngn.thedev.ca\/fr\/wp-json\/wp\/v2\/pages"}],"about":[{"href":"https:\/\/rng-ngn.thedev.ca\/fr\/wp-json\/wp\/v2\/types\/page"}],"author":[{"embeddable":true,"href":"https:\/\/rng-ngn.thedev.ca\/fr\/wp-json\/wp\/v2\/users\/2"}],"replies":[{"embeddable":true,"href":"https:\/\/rng-ngn.thedev.ca\/fr\/wp-json\/wp\/v2\/comments?post=1234"}],"version-history":[{"count":3,"href":"https:\/\/rng-ngn.thedev.ca\/fr\/wp-json\/wp\/v2\/pages\/1234\/revisions"}],"predecessor-version":[{"id":1240,"href":"https:\/\/rng-ngn.thedev.ca\/fr\/wp-json\/wp\/v2\/pages\/1234\/revisions\/1240"}],"wp:attachment":[{"href":"https:\/\/rng-ngn.thedev.ca\/fr\/wp-json\/wp\/v2\/media?parent=1234"}],"curies":[{"name":"wp","href":"https:\/\/api.w.org\/{rel}","templated":true}]}}