{"id":830,"date":"2023-09-15T18:08:20","date_gmt":"2023-09-15T18:08:20","guid":{"rendered":"https:\/\/rng-ngn.ca\/about\/"},"modified":"2024-05-08T12:07:31","modified_gmt":"2024-05-08T12:07:31","slug":"a-propos","status":"publish","type":"page","link":"https:\/\/rng-ngn.thedev.ca\/fr\/a-propos\/","title":{"rendered":"\u00c0 propos"},"content":{"rendered":"\n<header\n  id=\"block_e3dcd21e40cb3c383963726f3951c845\"\n  class=\"block hero hero--short\"\n      style=\"--bg-image: url(&quot;https:\/\/rng-ngn.thedev.ca\/wp-content\/uploads\/2024\/01\/banner-about.jpg&quot;);\"\n    tabindex=\"0\"\n>\n  <div class=\"container container--grid\">\n    <div class=\"hero__content\">\n              <h1 class=\"hero__headline\">\n          \u00c0 propos        <\/h1>\n              <div class=\"hero__byline\">\n          <p>Il faut veiller sur les terres, les eaux et les glaces qui rendent la vie possible sur notre plan\u00e8te et les prot\u00e9ger. Nous favorisons les \u00e9changes entre les gardiens des Premi\u00e8res Nations et soutenons leur travail essentiel en leur fournissant des outils, des possibilit\u00e9s et des investissements.<\/p>\n        <\/div>\n          <\/div>\n  <\/div>\n  <svg\n  class=\"waves waves--1\"\n  xmlns=\"http:\/\/www.w3.org\/2000\/svg\"\n  viewBox=\"0 0 1440.35 73.7\"\n>\n  <path\n    d=\"m1440.35,52.79v19.91H0V3.76C46.62-2.98,88.46.24,132.81,6.36c28.59,3.94,58.23,9.09,90.87,13.56,23.84,3.26,49.28,6.17,77.09,7.97,124.92,8.1,280.32-40.83,374.41-24.13,64.81,11.51,118.11,30.05,166.22,42.48,21.73,5.62,42.41,9.98,62.6,11.9,14.77,1.4,34.4-.75,56.66-4.69,75.51-13.34,181.31-47.25,230.59-33.01,29.07,8.4,71.52,16.09,114.52,21.88,51.2,6.88,103.18,11.05,134.23,10.48.12-.01.23-.01.35-.01Z\"\n    fill=\"var(--wp--preset--color--primary-100)\"\n    stroke-width=\"0\"\n  \/>\n  <path\n    d=\"m1440,47.85v25.85H0v-18.95C37.93,49.03,81.17,15.5,132.81,7.36c5.99-.95,12.1-1.55,18.33-1.73,23.69-.56,48.02,6.38,72.54,15.29,34.56,12.55,69.49,29,103.48,33.83,58.09,8.25,130.02-29.33,208.16-24.7,58.02,5.21,80.29,24.06,148.77,31.21,50.63,5.29,117.36-8.92,151.87-13.41,1.78-.23,3.59-.44,5.44-.61,32.39-3.15,75.01,1.58,119.26,7.21,68.65,8.75,141.24,19.68,185.65,6.81,38.33-11.11,100.66-16.45,159.46-17.94,55.76-1.42,108.33.64,134.23,4.53Z\"\n    fill=\"#fff\"\n    stroke-width=\"0\"\n  \/>\n<\/svg><\/header>\n\n<section\n  id=\"block_54375ab26021acfac362a8510701fbaa\"\n  class=\"block section-group pt-90 pb-90\"\n    tabindex=\"0\"\n>\n  <div class=\"container container--grid\">\n        \n    <div class=\"block__inner\">\n\n<div\n  id=\"block_fc7720e1f1363fd0164bb131101018d4\"\n  class=\"block regular-content block--subgrid\"\n  >\n\n  \n  <div class=\"block__content\">\n        <div class=\"block__text block__text--two-col\">\n      <p>Le R\u00e9seau national des gardiens des Premi\u00e8res Nations (RNG) est une organisation sans but lucratif \u0153uvrant dans tout le pays et qui vise \u00e0 soutenir l\u2019intendance dirig\u00e9e par les Premi\u00e8res Nations et l\u2019affirmation de leur souverainet\u00e9 par l\u2019entremise des programmes des gardiens des Premi\u00e8res Nations. Pour ce faire, nous fournissons un financement stable, des possibilit\u00e9s de r\u00e9seautage, de formation et d\u2019apprentissage en appui \u00e0 la profession de gardien.<\/p>\n<p>Le RNG est le premier r\u00e9seau national d\u2019intendance au monde qui est dirig\u00e9 par les Autochtones. Il est con\u00e7u et g\u00e9r\u00e9 par des membres des Premi\u00e8res Nations et il est ax\u00e9 sur le savoir, les valeurs et les perspectives des Premi\u00e8res Nations.<\/p>\n<p>Dans tout le pays, les gardiens veillent sur les terres et les eaux qui contribuent \u00e0 notre survie \u00e0 tous. Ils sont pr\u00e9sents sur le terrain, o\u00f9 ils g\u00e8rent les incendies de for\u00eat, surveillent la qualit\u00e9 de l\u2019eau, recueillent des donn\u00e9es sur les effets du climat, surveillent les projets de d\u00e9veloppement et \u0153uvrent au r\u00e9tablissement des populations de caribou, entre autres, et de plantes. Ils rassemblent \u00e9galement les jeunes et les A\u00een\u00e9s et favorisent la revitalisation de la culture et des langues. Les gardiens recueillent et analysent des donn\u00e9es puis en font la synth\u00e8se pour permettre aux Premi\u00e8res Nations de prendre des d\u00e9cisions \u00e9clair\u00e9es concernant leurs territoires.<\/p>\n<p>Le RNG appuie ce travail essentiel. Il veille \u00e0 ce que les Premi\u00e8res Nations disposent des outils, des possibilit\u00e9s et des investissements dont elles ont besoin pour mettre en place des programmes des gardiens dynamiques.<\/p>\n<p>L\u2019acc\u00e8s au financement est essentiel au travail des gardiens. Le r\u00e9seau regroupe les diff\u00e9rentes sources de financement f\u00e9d\u00e9ral et d\u2019autres investissements et met \u00e0 la disposition des responsables des programmes des gardiens un processus simplifi\u00e9 de demande de financement qui tient compte des perspectives des Premi\u00e8res Nations et de l\u2019exp\u00e9rience v\u00e9cue par les gardiens.<\/p>\n<p>En transf\u00e9rant la gestion du financement des programmes des gardiens des Premi\u00e8res Nations du gouvernement f\u00e9d\u00e9ral \u00e0 un r\u00e9seau g\u00e9r\u00e9 par les Premi\u00e8res Nations, le RNG contribue \u00e0 \u00e9tablir un nouveau type de partenariat entre les Premi\u00e8res Nations et le Canada \u2013 un partenariat qui nous permet de veiller ensemble, d\u2019\u00e9gal \u00e0 \u00e9gal, sur les terres, les eaux, les plantes et les animaux.<\/p>\n<p>Le Conseil du RNG dirige l\u2019organisation et fixe ses buts et objectifs en s\u2019appuyant sur une connaissance approfondie des d\u00e9fis des Premi\u00e8res Nations et en reconnaissant la valeur des approches des Premi\u00e8res Nations en mati\u00e8re de protection des terres et des eaux.<\/p>\n    <\/div>\n      <\/div>\n<\/div>\n\n<\/div>\n\n      <\/div>\n\n  <\/section>\n\n\n<section\n  id=\"block_0baac7908664d81fb01af3f2a07fdaa5\"\n  class=\"block panel-cards\"\n  >\n      <ul\n      class=\"\n        panel-cards__cards\n        panel-cards__cards--count-2        container\n      \"\n    >\n              <li>\n          <div\n            class=\"panel-cards__card bg-primary panel-cards__card--full-text\"\n            style=\"\" \n          >\n                          <div\n                class=\"\n                  panel-cards__icon\n                                  \"\n              >\n                <img decoding=\"async\" src=\"https:\/\/rng-ngn.thedev.ca\/wp-content\/uploads\/2024\/02\/vision-birds-1.png\" alt=\"Bird icon\">\n              <\/div>\n                          <h2 class=\"panel-cards__title\">Vision<\/h2>\n                          <p class=\"panel-cards__text\">Nous voulons que chaque Premi\u00e8re Nation qui se trouve dans ce lieu qu\u2019on appelle maintenant le Canada dispose des ressources n\u00e9cessaires pour s\u2019acquitter de ses responsabilit\u00e9s d\u2019intendance envers les terres, les eaux et les glaces de son territoire.<\/p>\n                      <\/div>\n        <\/li>\n              <li>\n          <div\n            class=\"panel-cards__card bg-secondary panel-cards__card--full-text\"\n            style=\"\" \n          >\n                          <div\n                class=\"\n                  panel-cards__icon\n                                  \"\n              >\n                <img decoding=\"async\" src=\"https:\/\/rng-ngn.thedev.ca\/wp-content\/uploads\/2024\/02\/vision-fish-1.png\" alt=\"Fish icon\">\n              <\/div>\n                          <h2 class=\"panel-cards__title\">La mission<\/h2>\n                          <p class=\"panel-cards__text\">Notre mission est de soutenir les gardiens des Premi\u00e8res Nations et de favoriser les \u00e9changes entre eux.<\/p>\n                      <\/div>\n        <\/li>\n          <\/ul>\n  <\/section>\n\n<section\n  id=\"les-origines-de-notre-logo\"\n  class=\"block cta-banner py-90\"\n      style=\"--bg-image: url(&quot;https:\/\/rng-ngn.thedev.ca\/wp-content\/uploads\/2024\/05\/cta-logo-story.jpg&quot;); --bg-image-overlay-opacity: 0.70;\"\n    tabindex=\"0\"\n>\n  <div class=\"container container--grid\">\n    <div class=\"cta-banner__content\">\n      <h2 class=\"cta-banner__title\">Les origines de notre logo<\/h2>\n      <div \n        class=\"\n          cta-banner__text\n                  \"\n      >\n        <p><span class=\"heading-3\">En savoir plus sur le symbolisme et l&#8217;inspiration qui ont fa\u00e7onn\u00e9 notre identit\u00e9 visuelle.<\/span><\/p>\n      <\/div>\n      \n<a\n  href=\"https:\/\/rng-ngn.thedev.ca\/fr\/a-propos\/les-origines-de-notre-logo\/\"\n  class=\"btn btn--secondary\"\n  >\n  En savoir plus<\/a>    <\/div>\n  <\/div>\n<\/section>\n\n\n<section\n  id=\"block_d77a91e440d94953594e3a73f318e25a\"\n  class=\"block panel-cards\"\n  >\n      <ul\n      class=\"\n        panel-cards__cards\n        panel-cards__cards--count-2        container\n      \"\n    >\n              <li>\n          <div\n            class=\"panel-cards__card bg-secondary panel-cards__card--full-text\"\n            style=\"\" \n          >\n                          <h2 class=\"panel-cards__title\">Faites connaissance avec notre \u00e9quipe<\/h2>\n                          <p class=\"panel-cards__text\">Faites connaissance avec les personnes d\u00e9vou\u00e9es qui travaillent fort pour mettre en \u0153uvre nos programmes et services.<\/p>\n                        <a\n              class=\"btn btn--filled btn--dark\"\n              href=\"https:\/\/rng-ngn.thedev.ca\/fr\/a-propos\/equipe-rng\/\"\n                          >\n              Rencontrez l&#8217;\u00e9quipe            <\/a>\n                      <\/div>\n        <\/li>\n              <li>\n          <div\n            class=\"panel-cards__card bg-primary panel-cards__card--full-text\"\n            style=\"\" \n          >\n                          <h2 class=\"panel-cards__title\">Rejoignez l\u2019\u00e9quipe RNG<\/h2>\n                          <p class=\"panel-cards__text\">Rejoignez NGN et contribuez \u00e0 doter les gardiens des Premi\u00e8res Nations d&#8217;outils, d&#8217;opportunit\u00e9s et d&#8217;investissements pour faire la diff\u00e9rence.<\/p>\n                        <a\n              class=\"btn btn--filled btn--dark\"\n              href=\"https:\/\/rng-ngn.thedev.ca\/fr\/a-propos\/carrieres\/\"\n                          >\n              Explorer les opportunit\u00e9s            <\/a>\n                      <\/div>\n        <\/li>\n          <\/ul>\n  <\/section>","protected":false},"excerpt":{"rendered":"","protected":false},"author":1,"featured_media":497,"parent":0,"menu_order":0,"comment_status":"closed","ping_status":"closed","template":"","meta":{"_acf_changed":false,"footnotes":""},"class_list":["post-830","page","type-page","status-publish","has-post-thumbnail","hentry"],"acf":[],"yoast_head":"<!-- This site is optimized with the Yoast SEO plugin v22.6 - https:\/\/yoast.com\/wordpress\/plugins\/seo\/ -->\n<title>\u00c0 propos - R\u00e9seau national des gardiens des Premi\u00e8res Nations<\/title>\n<meta name=\"description\" content=\"Nous favorisons les \u00e9changes entre les gardiens des Premi\u00e8res Nations et soutenons leur travail essentiel en leur fournissant des outils, des possibilit\u00e9s et des investissements.\" \/>\n<meta name=\"robots\" content=\"noindex, follow, max-snippet:-1, max-image-preview:large, max-video-preview:-1\" \/>\n<meta property=\"og:locale\" content=\"fr_FR\" \/>\n<meta property=\"og:type\" content=\"article\" \/>\n<meta property=\"og:title\" content=\"\u00c0 propos - R\u00e9seau national des gardiens des Premi\u00e8res Nations\" \/>\n<meta property=\"og:description\" content=\"Nous favorisons les \u00e9changes entre les gardiens des Premi\u00e8res Nations et soutenons leur travail essentiel en leur fournissant des outils, des possibilit\u00e9s et des investissements.\" \/>\n<meta property=\"og:url\" content=\"https:\/\/rng-ngn.thedev.ca\/fr\/a-propos\/\" \/>\n<meta property=\"og:site_name\" content=\"R\u00e9seau national des gardiens des Premi\u00e8res Nations\" \/>\n<meta property=\"article:publisher\" content=\"http:\/\/www.facebook.com\/ngnrng\" \/>\n<meta property=\"article:modified_time\" content=\"2024-05-08T12:07:31+00:00\" \/>\n<meta property=\"og:image\" content=\"https:\/\/rng-ngn.thedev.ca\/wp-content\/uploads\/2024\/01\/banner-about.jpg\" \/>\n\t<meta property=\"og:image:width\" content=\"2500\" \/>\n\t<meta property=\"og:image:height\" content=\"1667\" \/>\n\t<meta property=\"og:image:type\" content=\"image\/jpeg\" \/>\n<meta name=\"twitter:card\" content=\"summary_large_image\" \/>\n<meta name=\"twitter:title\" content=\"\u00c0 propos - R\u00e9seau national des gardiens des Premi\u00e8res Nations\" \/>\n<meta name=\"twitter:description\" content=\"Nous favorisons les \u00e9changes entre les gardiens des Premi\u00e8res Nations et soutenons leur travail essentiel en leur fournissant des outils, des possibilit\u00e9s et des investissements.\" \/>\n<meta name=\"twitter:image\" content=\"https:\/\/rng-ngn.thedev.ca\/wp-content\/uploads\/2024\/01\/banner-about.jpg\" \/>\n<meta name=\"twitter:label1\" content=\"Est. reading time\" \/>\n\t<meta name=\"twitter:data1\" content=\"1 minute\" \/>\n<script type=\"application\/ld+json\" class=\"yoast-schema-graph\">{\"@context\":\"https:\/\/schema.org\",\"@graph\":[{\"@type\":\"WebPage\",\"@id\":\"https:\/\/rng-ngn.thedev.ca\/fr\/a-propos\/\",\"url\":\"https:\/\/rng-ngn.thedev.ca\/fr\/a-propos\/\",\"name\":\"\u00c0 propos - R\u00e9seau national des gardiens des Premi\u00e8res Nations\",\"isPartOf\":{\"@id\":\"https:\/\/rng-ngn.thedev.ca\/#website\"},\"primaryImageOfPage\":{\"@id\":\"https:\/\/rng-ngn.thedev.ca\/fr\/a-propos\/#primaryimage\"},\"image\":{\"@id\":\"https:\/\/rng-ngn.thedev.ca\/fr\/a-propos\/#primaryimage\"},\"thumbnailUrl\":\"https:\/\/rng-ngn.thedev.ca\/wp-content\/uploads\/2024\/01\/banner-about.jpg\",\"datePublished\":\"2023-09-15T18:08:20+00:00\",\"dateModified\":\"2024-05-08T12:07:31+00:00\",\"description\":\"Nous favorisons les \u00e9changes entre les gardiens des Premi\u00e8res Nations et soutenons leur travail essentiel en leur fournissant des outils, des possibilit\u00e9s et des investissements.\",\"breadcrumb\":{\"@id\":\"https:\/\/rng-ngn.thedev.ca\/fr\/a-propos\/#breadcrumb\"},\"inLanguage\":\"fr-FR\",\"potentialAction\":[{\"@type\":\"ReadAction\",\"target\":[\"https:\/\/rng-ngn.thedev.ca\/fr\/a-propos\/\"]}]},{\"@type\":\"ImageObject\",\"inLanguage\":\"fr-FR\",\"@id\":\"https:\/\/rng-ngn.thedev.ca\/fr\/a-propos\/#primaryimage\",\"url\":\"https:\/\/rng-ngn.thedev.ca\/wp-content\/uploads\/2024\/01\/banner-about.jpg\",\"contentUrl\":\"https:\/\/rng-ngn.thedev.ca\/wp-content\/uploads\/2024\/01\/banner-about.jpg\",\"width\":2500,\"height\":1667},{\"@type\":\"BreadcrumbList\",\"@id\":\"https:\/\/rng-ngn.thedev.ca\/fr\/a-propos\/#breadcrumb\",\"itemListElement\":[{\"@type\":\"ListItem\",\"position\":1,\"name\":\"Home\",\"item\":\"https:\/\/rng-ngn.thedev.ca\/fr\/\"},{\"@type\":\"ListItem\",\"position\":2,\"name\":\"\u00c0 propos\"}]},{\"@type\":\"WebSite\",\"@id\":\"https:\/\/rng-ngn.thedev.ca\/#website\",\"url\":\"https:\/\/rng-ngn.thedev.ca\/\",\"name\":\"First Nations National Guardians Network\",\"description\":\"We provide the tools, opportunities and investments that Guardians need to ensure thriving programs and regional networks.\",\"publisher\":{\"@id\":\"https:\/\/rng-ngn.thedev.ca\/#organization\"},\"potentialAction\":[{\"@type\":\"SearchAction\",\"target\":{\"@type\":\"EntryPoint\",\"urlTemplate\":\"https:\/\/rng-ngn.thedev.ca\/?s={search_term_string}\"},\"query-input\":\"required name=search_term_string\"}],\"inLanguage\":\"fr-FR\"},{\"@type\":\"Organization\",\"@id\":\"https:\/\/rng-ngn.thedev.ca\/#organization\",\"name\":\"First Nations National Guardians Network\",\"url\":\"https:\/\/rng-ngn.thedev.ca\/\",\"logo\":{\"@type\":\"ImageObject\",\"inLanguage\":\"fr-FR\",\"@id\":\"https:\/\/rng-ngn.thedev.ca\/#\/schema\/logo\/image\/\",\"url\":\"https:\/\/rng-ngn.thedev.ca\/wp-content\/uploads\/2024\/03\/rng_ngn_logo_horizontal_rgb.jpg\",\"contentUrl\":\"https:\/\/rng-ngn.thedev.ca\/wp-content\/uploads\/2024\/03\/rng_ngn_logo_horizontal_rgb.jpg\",\"width\":1362,\"height\":431,\"caption\":\"First Nations National Guardians Network\"},\"image\":{\"@id\":\"https:\/\/rng-ngn.thedev.ca\/#\/schema\/logo\/image\/\"},\"sameAs\":[\"http:\/\/www.facebook.com\/ngnrng\",\"http:\/\/www.linkedin.com\/company\/ngn-rng\",\"https:\/\/www.instagram.com\/national_guardians_network\/\"]}]}<\/script>\n<!-- \/ Yoast SEO plugin. -->","yoast_head_json":{"title":"\u00c0 propos - R\u00e9seau national des gardiens des Premi\u00e8res Nations","description":"Nous favorisons les \u00e9changes entre les gardiens des Premi\u00e8res Nations et soutenons leur travail essentiel en leur fournissant des outils, des possibilit\u00e9s et des investissements.","robots":{"index":"noindex","follow":"follow","max-snippet":"max-snippet:-1","max-image-preview":"max-image-preview:large","max-video-preview":"max-video-preview:-1"},"og_locale":"fr_FR","og_type":"article","og_title":"\u00c0 propos - R\u00e9seau national des gardiens des Premi\u00e8res Nations","og_description":"Nous favorisons les \u00e9changes entre les gardiens des Premi\u00e8res Nations et soutenons leur travail essentiel en leur fournissant des outils, des possibilit\u00e9s et des investissements.","og_url":"https:\/\/rng-ngn.thedev.ca\/fr\/a-propos\/","og_site_name":"R\u00e9seau national des gardiens des Premi\u00e8res Nations","article_publisher":"http:\/\/www.facebook.com\/ngnrng","article_modified_time":"2024-05-08T12:07:31+00:00","og_image":[{"width":2500,"height":1667,"url":"https:\/\/rng-ngn.thedev.ca\/wp-content\/uploads\/2024\/01\/banner-about.jpg","type":"image\/jpeg"}],"twitter_card":"summary_large_image","twitter_title":"\u00c0 propos - R\u00e9seau national des gardiens des Premi\u00e8res Nations","twitter_description":"Nous favorisons les \u00e9changes entre les gardiens des Premi\u00e8res Nations et soutenons leur travail essentiel en leur fournissant des outils, des possibilit\u00e9s et des investissements.","twitter_image":"https:\/\/rng-ngn.thedev.ca\/wp-content\/uploads\/2024\/01\/banner-about.jpg","twitter_misc":{"Est. reading time":"1 minute"},"schema":{"@context":"https:\/\/schema.org","@graph":[{"@type":"WebPage","@id":"https:\/\/rng-ngn.thedev.ca\/fr\/a-propos\/","url":"https:\/\/rng-ngn.thedev.ca\/fr\/a-propos\/","name":"\u00c0 propos - R\u00e9seau national des gardiens des Premi\u00e8res Nations","isPartOf":{"@id":"https:\/\/rng-ngn.thedev.ca\/#website"},"primaryImageOfPage":{"@id":"https:\/\/rng-ngn.thedev.ca\/fr\/a-propos\/#primaryimage"},"image":{"@id":"https:\/\/rng-ngn.thedev.ca\/fr\/a-propos\/#primaryimage"},"thumbnailUrl":"https:\/\/rng-ngn.thedev.ca\/wp-content\/uploads\/2024\/01\/banner-about.jpg","datePublished":"2023-09-15T18:08:20+00:00","dateModified":"2024-05-08T12:07:31+00:00","description":"Nous favorisons les \u00e9changes entre les gardiens des Premi\u00e8res Nations et soutenons leur travail essentiel en leur fournissant des outils, des possibilit\u00e9s et des investissements.","breadcrumb":{"@id":"https:\/\/rng-ngn.thedev.ca\/fr\/a-propos\/#breadcrumb"},"inLanguage":"fr-FR","potentialAction":[{"@type":"ReadAction","target":["https:\/\/rng-ngn.thedev.ca\/fr\/a-propos\/"]}]},{"@type":"ImageObject","inLanguage":"fr-FR","@id":"https:\/\/rng-ngn.thedev.ca\/fr\/a-propos\/#primaryimage","url":"https:\/\/rng-ngn.thedev.ca\/wp-content\/uploads\/2024\/01\/banner-about.jpg","contentUrl":"https:\/\/rng-ngn.thedev.ca\/wp-content\/uploads\/2024\/01\/banner-about.jpg","width":2500,"height":1667},{"@type":"BreadcrumbList","@id":"https:\/\/rng-ngn.thedev.ca\/fr\/a-propos\/#breadcrumb","itemListElement":[{"@type":"ListItem","position":1,"name":"Home","item":"https:\/\/rng-ngn.thedev.ca\/fr\/"},{"@type":"ListItem","position":2,"name":"\u00c0 propos"}]},{"@type":"WebSite","@id":"https:\/\/rng-ngn.thedev.ca\/#website","url":"https:\/\/rng-ngn.thedev.ca\/","name":"First Nations National Guardians Network","description":"We provide the tools, opportunities and investments that Guardians need to ensure thriving programs and regional networks.","publisher":{"@id":"https:\/\/rng-ngn.thedev.ca\/#organization"},"potentialAction":[{"@type":"SearchAction","target":{"@type":"EntryPoint","urlTemplate":"https:\/\/rng-ngn.thedev.ca\/?s={search_term_string}"},"query-input":"required name=search_term_string"}],"inLanguage":"fr-FR"},{"@type":"Organization","@id":"https:\/\/rng-ngn.thedev.ca\/#organization","name":"First Nations National Guardians Network","url":"https:\/\/rng-ngn.thedev.ca\/","logo":{"@type":"ImageObject","inLanguage":"fr-FR","@id":"https:\/\/rng-ngn.thedev.ca\/#\/schema\/logo\/image\/","url":"https:\/\/rng-ngn.thedev.ca\/wp-content\/uploads\/2024\/03\/rng_ngn_logo_horizontal_rgb.jpg","contentUrl":"https:\/\/rng-ngn.thedev.ca\/wp-content\/uploads\/2024\/03\/rng_ngn_logo_horizontal_rgb.jpg","width":1362,"height":431,"caption":"First Nations National Guardians Network"},"image":{"@id":"https:\/\/rng-ngn.thedev.ca\/#\/schema\/logo\/image\/"},"sameAs":["http:\/\/www.facebook.com\/ngnrng","http:\/\/www.linkedin.com\/company\/ngn-rng","https:\/\/www.instagram.com\/national_guardians_network\/"]}]}},"_links":{"self":[{"href":"https:\/\/rng-ngn.thedev.ca\/fr\/wp-json\/wp\/v2\/pages\/830","targetHints":{"allow":["GET"]}}],"collection":[{"href":"https:\/\/rng-ngn.thedev.ca\/fr\/wp-json\/wp\/v2\/pages"}],"about":[{"href":"https:\/\/rng-ngn.thedev.ca\/fr\/wp-json\/wp\/v2\/types\/page"}],"author":[{"embeddable":true,"href":"https:\/\/rng-ngn.thedev.ca\/fr\/wp-json\/wp\/v2\/users\/1"}],"replies":[{"embeddable":true,"href":"https:\/\/rng-ngn.thedev.ca\/fr\/wp-json\/wp\/v2\/comments?post=830"}],"version-history":[{"count":15,"href":"https:\/\/rng-ngn.thedev.ca\/fr\/wp-json\/wp\/v2\/pages\/830\/revisions"}],"predecessor-version":[{"id":1209,"href":"https:\/\/rng-ngn.thedev.ca\/fr\/wp-json\/wp\/v2\/pages\/830\/revisions\/1209"}],"wp:featuredmedia":[{"embeddable":true,"href":"https:\/\/rng-ngn.thedev.ca\/fr\/wp-json\/wp\/v2\/media\/497"}],"wp:attachment":[{"href":"https:\/\/rng-ngn.thedev.ca\/fr\/wp-json\/wp\/v2\/media?parent=830"}],"curies":[{"name":"wp","href":"https:\/\/api.w.org\/{rel}","templated":true}]}}