{"id":855,"date":"2024-01-15T16:14:59","date_gmt":"2024-01-15T16:14:59","guid":{"rendered":"https:\/\/rng-ngn.ca\/a-propos\/our-logo-story\/"},"modified":"2024-03-14T12:56:46","modified_gmt":"2024-03-14T12:56:46","slug":"les-origines-de-notre-logo","status":"publish","type":"page","link":"https:\/\/rng-ngn.thedev.ca\/fr\/a-propos\/les-origines-de-notre-logo\/","title":{"rendered":"Les origines de notre logo"},"content":{"rendered":"\n<header\n  id=\"block_10e483d837e1148515512c5653dc2dec\"\n  class=\"block hero hero--short\"\n      style=\"--bg-image: url(&quot;https:\/\/rng-ngn.thedev.ca\/wp-content\/uploads\/2024\/01\/banner-logo-story.jpg&quot;);\"\n    tabindex=\"0\"\n>\n  <div class=\"container container--grid\">\n    <div class=\"hero__content\">\n              <h1 class=\"hero__headline\">\n          Les origines de notre logo        <\/h1>\n          <\/div>\n  <\/div>\n  <svg\n  class=\"waves waves--1\"\n  xmlns=\"http:\/\/www.w3.org\/2000\/svg\"\n  viewBox=\"0 0 1440.35 73.7\"\n>\n  <path\n    d=\"m1440.35,52.79v19.91H0V3.76C46.62-2.98,88.46.24,132.81,6.36c28.59,3.94,58.23,9.09,90.87,13.56,23.84,3.26,49.28,6.17,77.09,7.97,124.92,8.1,280.32-40.83,374.41-24.13,64.81,11.51,118.11,30.05,166.22,42.48,21.73,5.62,42.41,9.98,62.6,11.9,14.77,1.4,34.4-.75,56.66-4.69,75.51-13.34,181.31-47.25,230.59-33.01,29.07,8.4,71.52,16.09,114.52,21.88,51.2,6.88,103.18,11.05,134.23,10.48.12-.01.23-.01.35-.01Z\"\n    fill=\"var(--wp--preset--color--primary-100)\"\n    stroke-width=\"0\"\n  \/>\n  <path\n    d=\"m1440,47.85v25.85H0v-18.95C37.93,49.03,81.17,15.5,132.81,7.36c5.99-.95,12.1-1.55,18.33-1.73,23.69-.56,48.02,6.38,72.54,15.29,34.56,12.55,69.49,29,103.48,33.83,58.09,8.25,130.02-29.33,208.16-24.7,58.02,5.21,80.29,24.06,148.77,31.21,50.63,5.29,117.36-8.92,151.87-13.41,1.78-.23,3.59-.44,5.44-.61,32.39-3.15,75.01,1.58,119.26,7.21,68.65,8.75,141.24,19.68,185.65,6.81,38.33-11.11,100.66-16.45,159.46-17.94,55.76-1.42,108.33.64,134.23,4.53Z\"\n    fill=\"#fff\"\n    stroke-width=\"0\"\n  \/>\n<\/svg><\/header>\n\n<section\n  id=\"block_e5dd1e62d1658a9b3e82b4ca06c48e17\"\n  class=\"block section-group pt-70 pb-70\"\n    tabindex=\"0\"\n>\n  <div class=\"container container--grid container--grid\">\n        \n    <div class=\"block__inner container__inner\">\n\n<div\n  id=\"block_0be7fb24aeb25f5e7a89564266185394\"\n  class=\"block regular-content align-center block--subgrid regular-content--image-left\"\n  >\n\n  \n  <div class=\"block__image\">\n    <img decoding=\"async\" src=\"https:\/\/rng-ngn.thedev.ca\/wp-content\/uploads\/2024\/02\/logo-story-full-color.png\" alt=\"Full colour NGN logo icon\">\n  <\/div>\n\n  \n  <div class=\"block__content\">\n        <div class=\"block__text\">\n      <p>Le noble orignal, qui repr\u00e9sente les animaux et la terre, est au c\u0153ur du logo du R\u00e9seau national des gardiens. L\u2019orignal est un animal embl\u00e9matique de la nature majestueuse au Canada. Il repr\u00e9sente l\u2019endurance, la force, la d\u00e9termination et la t\u00e9nacit\u00e9.<\/p>\n    <\/div>\n      <\/div>\n<\/div>\n\n\n\n<div\n  id=\"block_cb29364752d96c339de90682d6ef221e\"\n  class=\"block regular-content align-center block--subgrid regular-content--image-left\"\n  >\n\n  \n  <div class=\"block__image\">\n    <img decoding=\"async\" src=\"https:\/\/rng-ngn.thedev.ca\/wp-content\/uploads\/2024\/01\/logo-story-1.png\" alt=\"The antlers of the moose are composed of people, representing the land guardians, the network, community, support and the collective sharing of knowledge.\">\n  <\/div>\n\n  \n  <div class=\"block__content\">\n        <div class=\"block__text\">\n      <p>Les bois de l\u2019original sont compos\u00e9s de personnes repr\u00e9sentant les gardiens du territoire, le r\u00e9seau, les communaut\u00e9s, le soutien et le partage collectif des connaissances.<\/p>\n    <\/div>\n      <\/div>\n<\/div>\n\n\n\n<div\n  id=\"block_2de3eea3fcca8d2a93b0c87be4ccbc89\"\n  class=\"block regular-content align-center block--subgrid regular-content--image-left\"\n  >\n\n  \n  <div class=\"block__image\">\n    <img decoding=\"async\" src=\"https:\/\/rng-ngn.thedev.ca\/wp-content\/uploads\/2024\/01\/logo-story-2.png\" alt=\"The eyes of the moose are composed of the silhouette of a bird representing the sky. They are often seen as messengers, teaching us how-to live-in connection with other living beings.\">\n  <\/div>\n\n  \n  <div class=\"block__content\">\n        <div class=\"block__text\">\n      <p>Les yeux de l\u2019orignal sont form\u00e9s de la silhouette d\u2019un oiseau qui repr\u00e9sente le ciel. Les oiseaux sont souvent consid\u00e9r\u00e9s comme des messagers qui nous enseignent comment vivre en relation avec les autres \u00eatres vivants.<\/p>\n    <\/div>\n      <\/div>\n<\/div>\n\n\n\n<div\n  id=\"block_2f29f98c721b69d0e41cfaa3c1be8d3d\"\n  class=\"block regular-content align-center block--subgrid regular-content--image-left\"\n  >\n\n  \n  <div class=\"block__image\">\n    <img decoding=\"async\" src=\"https:\/\/rng-ngn.thedev.ca\/wp-content\/uploads\/2024\/01\/logo-story-3.png\" alt=\"The whale tale, representing the ocean and everything in it. They are often associated with protection, and community.\">\n  <\/div>\n\n  \n  <div class=\"block__content\">\n        <div class=\"block__text\">\n      <p>Le r\u00e9cit de la baleine, qui repr\u00e9sente l\u2019oc\u00e9an et tout ce qu\u2019il contient. Les baleines sont souvent associ\u00e9es \u00e0 la protection et \u00e0 la communaut\u00e9.<\/p>\n    <\/div>\n      <\/div>\n<\/div>\n\n\n\n<div\n  id=\"block_ce8a9ad4445f88ce8f10313a0f6f9312\"\n  class=\"block regular-content align-center block--subgrid regular-content--image-left\"\n  >\n\n  \n  <div class=\"block__image\">\n    <img decoding=\"async\" src=\"https:\/\/rng-ngn.thedev.ca\/wp-content\/uploads\/2024\/01\/logo-story-4.png\" alt=\"The nostrils of the moose are composed of \ufb01sh representing our waters. Fish are often utilized in our ceremonies, reminding us to honour, protect and thank Mother Earth for all her gifts.\">\n  <\/div>\n\n  \n  <div class=\"block__content\">\n        <div class=\"block__text\">\n      <p>Les narines de l\u2019orignal sont des poissons, qui repr\u00e9sentent nos eaux. Les poissons font souvent partie de nos c\u00e9r\u00e9monies. Ils nous rappellent d\u2019honorer, de prot\u00e9ger et de remercier la Terre m\u00e8re pour tout ce qu\u2019elle nous offre.<\/p>\n    <\/div>\n      <\/div>\n<\/div>\n\n\n\n<div\n  id=\"block_051498b6919ff6b2d775dd01cafea09a\"\n  class=\"block regular-content align-center block--subgrid regular-content--image-left\"\n  >\n\n  \n  <div class=\"block__image\">\n    <img decoding=\"async\" src=\"https:\/\/rng-ngn.thedev.ca\/wp-content\/uploads\/2024\/01\/logo-story-5.png\" alt=\"The rising sun, signifying a new day and a new season. It often symbolizes enlightenment and knowledge.\">\n  <\/div>\n\n  \n  <div class=\"block__content\">\n        <div class=\"block__text\">\n      <p>Le soleil levant repr\u00e9sente un nouveau jour et une nouvelle saison. Il symbolise souvent l\u2019illumination et la connaissance.<\/p>\n    <\/div>\n      <\/div>\n<\/div>\n\n<\/div>\n\n      <\/div>\n\n  <\/section>","protected":false},"excerpt":{"rendered":"","protected":false},"author":1,"featured_media":1004,"parent":830,"menu_order":0,"comment_status":"closed","ping_status":"closed","template":"","meta":{"_acf_changed":false,"footnotes":""},"class_list":["post-855","page","type-page","status-publish","has-post-thumbnail","hentry"],"acf":[],"yoast_head":"<!-- This site is optimized with the Yoast SEO plugin v22.6 - https:\/\/yoast.com\/wordpress\/plugins\/seo\/ -->\n<title>Les origines de notre logo - R\u00e9seau national des gardiens des Premi\u00e8res Nations<\/title>\n<meta name=\"description\" content=\"Le noble orignal, qui repr\u00e9sente les animaux et la terre, est au c\u0153ur du logo du R\u00e9seau national des gardiens.\" \/>\n<meta name=\"robots\" content=\"noindex, follow, max-snippet:-1, max-image-preview:large, max-video-preview:-1\" \/>\n<meta property=\"og:locale\" content=\"fr_FR\" \/>\n<meta property=\"og:type\" content=\"article\" \/>\n<meta property=\"og:title\" content=\"Les origines de notre logo - R\u00e9seau national des gardiens des Premi\u00e8res Nations\" \/>\n<meta property=\"og:description\" content=\"Le noble orignal, qui repr\u00e9sente les animaux et la terre, est au c\u0153ur du logo du R\u00e9seau national des gardiens.\" \/>\n<meta property=\"og:url\" content=\"https:\/\/rng-ngn.thedev.ca\/fr\/a-propos\/les-origines-de-notre-logo\/\" \/>\n<meta property=\"og:site_name\" content=\"R\u00e9seau national des gardiens des Premi\u00e8res Nations\" \/>\n<meta property=\"article:publisher\" content=\"http:\/\/www.facebook.com\/ngnrng\" \/>\n<meta property=\"article:modified_time\" content=\"2024-03-14T12:56:46+00:00\" \/>\n<meta property=\"og:image\" content=\"https:\/\/rng-ngn.thedev.ca\/wp-content\/uploads\/2024\/03\/rng_ngn_logo_horizontal_rgb.jpg\" \/>\n\t<meta property=\"og:image:width\" content=\"1362\" \/>\n\t<meta property=\"og:image:height\" content=\"431\" \/>\n\t<meta property=\"og:image:type\" content=\"image\/jpeg\" \/>\n<meta name=\"twitter:card\" content=\"summary_large_image\" \/>\n<meta name=\"twitter:title\" content=\"Les origines de notre logo - R\u00e9seau national des gardiens des Premi\u00e8res Nations\" \/>\n<meta name=\"twitter:description\" content=\"Le noble orignal, qui repr\u00e9sente les animaux et la terre, est au c\u0153ur du logo du R\u00e9seau national des gardiens.\" \/>\n<meta name=\"twitter:image\" content=\"https:\/\/rng-ngn.thedev.ca\/wp-content\/uploads\/2024\/03\/rng_ngn_logo_horizontal_rgb.jpg\" \/>\n<meta name=\"twitter:label1\" content=\"Est. reading time\" \/>\n\t<meta name=\"twitter:data1\" content=\"1 minute\" \/>\n<script type=\"application\/ld+json\" class=\"yoast-schema-graph\">{\"@context\":\"https:\/\/schema.org\",\"@graph\":[{\"@type\":\"WebPage\",\"@id\":\"https:\/\/rng-ngn.thedev.ca\/fr\/a-propos\/les-origines-de-notre-logo\/\",\"url\":\"https:\/\/rng-ngn.thedev.ca\/fr\/a-propos\/les-origines-de-notre-logo\/\",\"name\":\"Les origines de notre logo - R\u00e9seau national des gardiens des Premi\u00e8res Nations\",\"isPartOf\":{\"@id\":\"https:\/\/rng-ngn.thedev.ca\/#website\"},\"primaryImageOfPage\":{\"@id\":\"https:\/\/rng-ngn.thedev.ca\/fr\/a-propos\/les-origines-de-notre-logo\/#primaryimage\"},\"image\":{\"@id\":\"https:\/\/rng-ngn.thedev.ca\/fr\/a-propos\/les-origines-de-notre-logo\/#primaryimage\"},\"thumbnailUrl\":\"https:\/\/rng-ngn.thedev.ca\/wp-content\/uploads\/2024\/03\/rng_ngn_logo_horizontal_rgb.jpg\",\"datePublished\":\"2024-01-15T16:14:59+00:00\",\"dateModified\":\"2024-03-14T12:56:46+00:00\",\"description\":\"Le noble orignal, qui repr\u00e9sente les animaux et la terre, est au c\u0153ur du logo du R\u00e9seau national des gardiens.\",\"breadcrumb\":{\"@id\":\"https:\/\/rng-ngn.thedev.ca\/fr\/a-propos\/les-origines-de-notre-logo\/#breadcrumb\"},\"inLanguage\":\"fr-FR\",\"potentialAction\":[{\"@type\":\"ReadAction\",\"target\":[\"https:\/\/rng-ngn.thedev.ca\/fr\/a-propos\/les-origines-de-notre-logo\/\"]}]},{\"@type\":\"ImageObject\",\"inLanguage\":\"fr-FR\",\"@id\":\"https:\/\/rng-ngn.thedev.ca\/fr\/a-propos\/les-origines-de-notre-logo\/#primaryimage\",\"url\":\"https:\/\/rng-ngn.thedev.ca\/wp-content\/uploads\/2024\/03\/rng_ngn_logo_horizontal_rgb.jpg\",\"contentUrl\":\"https:\/\/rng-ngn.thedev.ca\/wp-content\/uploads\/2024\/03\/rng_ngn_logo_horizontal_rgb.jpg\",\"width\":1362,\"height\":431},{\"@type\":\"BreadcrumbList\",\"@id\":\"https:\/\/rng-ngn.thedev.ca\/fr\/a-propos\/les-origines-de-notre-logo\/#breadcrumb\",\"itemListElement\":[{\"@type\":\"ListItem\",\"position\":1,\"name\":\"Home\",\"item\":\"https:\/\/rng-ngn.thedev.ca\/fr\/\"},{\"@type\":\"ListItem\",\"position\":2,\"name\":\"\u00c0 propos\",\"item\":\"https:\/\/rng-ngn.thedev.ca\/fr\/a-propos\/\"},{\"@type\":\"ListItem\",\"position\":3,\"name\":\"Les origines de notre logo\"}]},{\"@type\":\"WebSite\",\"@id\":\"https:\/\/rng-ngn.thedev.ca\/#website\",\"url\":\"https:\/\/rng-ngn.thedev.ca\/\",\"name\":\"First Nations National Guardians Network\",\"description\":\"We provide the tools, opportunities and investments that Guardians need to ensure thriving programs and regional networks.\",\"publisher\":{\"@id\":\"https:\/\/rng-ngn.thedev.ca\/#organization\"},\"potentialAction\":[{\"@type\":\"SearchAction\",\"target\":{\"@type\":\"EntryPoint\",\"urlTemplate\":\"https:\/\/rng-ngn.thedev.ca\/?s={search_term_string}\"},\"query-input\":\"required name=search_term_string\"}],\"inLanguage\":\"fr-FR\"},{\"@type\":\"Organization\",\"@id\":\"https:\/\/rng-ngn.thedev.ca\/#organization\",\"name\":\"First Nations National Guardians Network\",\"url\":\"https:\/\/rng-ngn.thedev.ca\/\",\"logo\":{\"@type\":\"ImageObject\",\"inLanguage\":\"fr-FR\",\"@id\":\"https:\/\/rng-ngn.thedev.ca\/#\/schema\/logo\/image\/\",\"url\":\"https:\/\/rng-ngn.thedev.ca\/wp-content\/uploads\/2024\/03\/rng_ngn_logo_horizontal_rgb.jpg\",\"contentUrl\":\"https:\/\/rng-ngn.thedev.ca\/wp-content\/uploads\/2024\/03\/rng_ngn_logo_horizontal_rgb.jpg\",\"width\":1362,\"height\":431,\"caption\":\"First Nations National Guardians Network\"},\"image\":{\"@id\":\"https:\/\/rng-ngn.thedev.ca\/#\/schema\/logo\/image\/\"},\"sameAs\":[\"http:\/\/www.facebook.com\/ngnrng\",\"http:\/\/www.linkedin.com\/company\/ngn-rng\",\"https:\/\/www.instagram.com\/national_guardians_network\/\"]}]}<\/script>\n<!-- \/ Yoast SEO plugin. -->","yoast_head_json":{"title":"Les origines de notre logo - R\u00e9seau national des gardiens des Premi\u00e8res Nations","description":"Le noble orignal, qui repr\u00e9sente les animaux et la terre, est au c\u0153ur du logo du R\u00e9seau national des gardiens.","robots":{"index":"noindex","follow":"follow","max-snippet":"max-snippet:-1","max-image-preview":"max-image-preview:large","max-video-preview":"max-video-preview:-1"},"og_locale":"fr_FR","og_type":"article","og_title":"Les origines de notre logo - R\u00e9seau national des gardiens des Premi\u00e8res Nations","og_description":"Le noble orignal, qui repr\u00e9sente les animaux et la terre, est au c\u0153ur du logo du R\u00e9seau national des gardiens.","og_url":"https:\/\/rng-ngn.thedev.ca\/fr\/a-propos\/les-origines-de-notre-logo\/","og_site_name":"R\u00e9seau national des gardiens des Premi\u00e8res Nations","article_publisher":"http:\/\/www.facebook.com\/ngnrng","article_modified_time":"2024-03-14T12:56:46+00:00","og_image":[{"width":1362,"height":431,"url":"https:\/\/rng-ngn.thedev.ca\/wp-content\/uploads\/2024\/03\/rng_ngn_logo_horizontal_rgb.jpg","type":"image\/jpeg"}],"twitter_card":"summary_large_image","twitter_title":"Les origines de notre logo - R\u00e9seau national des gardiens des Premi\u00e8res Nations","twitter_description":"Le noble orignal, qui repr\u00e9sente les animaux et la terre, est au c\u0153ur du logo du R\u00e9seau national des gardiens.","twitter_image":"https:\/\/rng-ngn.thedev.ca\/wp-content\/uploads\/2024\/03\/rng_ngn_logo_horizontal_rgb.jpg","twitter_misc":{"Est. reading time":"1 minute"},"schema":{"@context":"https:\/\/schema.org","@graph":[{"@type":"WebPage","@id":"https:\/\/rng-ngn.thedev.ca\/fr\/a-propos\/les-origines-de-notre-logo\/","url":"https:\/\/rng-ngn.thedev.ca\/fr\/a-propos\/les-origines-de-notre-logo\/","name":"Les origines de notre logo - R\u00e9seau national des gardiens des Premi\u00e8res Nations","isPartOf":{"@id":"https:\/\/rng-ngn.thedev.ca\/#website"},"primaryImageOfPage":{"@id":"https:\/\/rng-ngn.thedev.ca\/fr\/a-propos\/les-origines-de-notre-logo\/#primaryimage"},"image":{"@id":"https:\/\/rng-ngn.thedev.ca\/fr\/a-propos\/les-origines-de-notre-logo\/#primaryimage"},"thumbnailUrl":"https:\/\/rng-ngn.thedev.ca\/wp-content\/uploads\/2024\/03\/rng_ngn_logo_horizontal_rgb.jpg","datePublished":"2024-01-15T16:14:59+00:00","dateModified":"2024-03-14T12:56:46+00:00","description":"Le noble orignal, qui repr\u00e9sente les animaux et la terre, est au c\u0153ur du logo du R\u00e9seau national des gardiens.","breadcrumb":{"@id":"https:\/\/rng-ngn.thedev.ca\/fr\/a-propos\/les-origines-de-notre-logo\/#breadcrumb"},"inLanguage":"fr-FR","potentialAction":[{"@type":"ReadAction","target":["https:\/\/rng-ngn.thedev.ca\/fr\/a-propos\/les-origines-de-notre-logo\/"]}]},{"@type":"ImageObject","inLanguage":"fr-FR","@id":"https:\/\/rng-ngn.thedev.ca\/fr\/a-propos\/les-origines-de-notre-logo\/#primaryimage","url":"https:\/\/rng-ngn.thedev.ca\/wp-content\/uploads\/2024\/03\/rng_ngn_logo_horizontal_rgb.jpg","contentUrl":"https:\/\/rng-ngn.thedev.ca\/wp-content\/uploads\/2024\/03\/rng_ngn_logo_horizontal_rgb.jpg","width":1362,"height":431},{"@type":"BreadcrumbList","@id":"https:\/\/rng-ngn.thedev.ca\/fr\/a-propos\/les-origines-de-notre-logo\/#breadcrumb","itemListElement":[{"@type":"ListItem","position":1,"name":"Home","item":"https:\/\/rng-ngn.thedev.ca\/fr\/"},{"@type":"ListItem","position":2,"name":"\u00c0 propos","item":"https:\/\/rng-ngn.thedev.ca\/fr\/a-propos\/"},{"@type":"ListItem","position":3,"name":"Les origines de notre logo"}]},{"@type":"WebSite","@id":"https:\/\/rng-ngn.thedev.ca\/#website","url":"https:\/\/rng-ngn.thedev.ca\/","name":"First Nations National Guardians Network","description":"We provide the tools, opportunities and investments that Guardians need to ensure thriving programs and regional networks.","publisher":{"@id":"https:\/\/rng-ngn.thedev.ca\/#organization"},"potentialAction":[{"@type":"SearchAction","target":{"@type":"EntryPoint","urlTemplate":"https:\/\/rng-ngn.thedev.ca\/?s={search_term_string}"},"query-input":"required name=search_term_string"}],"inLanguage":"fr-FR"},{"@type":"Organization","@id":"https:\/\/rng-ngn.thedev.ca\/#organization","name":"First Nations National Guardians Network","url":"https:\/\/rng-ngn.thedev.ca\/","logo":{"@type":"ImageObject","inLanguage":"fr-FR","@id":"https:\/\/rng-ngn.thedev.ca\/#\/schema\/logo\/image\/","url":"https:\/\/rng-ngn.thedev.ca\/wp-content\/uploads\/2024\/03\/rng_ngn_logo_horizontal_rgb.jpg","contentUrl":"https:\/\/rng-ngn.thedev.ca\/wp-content\/uploads\/2024\/03\/rng_ngn_logo_horizontal_rgb.jpg","width":1362,"height":431,"caption":"First Nations National Guardians Network"},"image":{"@id":"https:\/\/rng-ngn.thedev.ca\/#\/schema\/logo\/image\/"},"sameAs":["http:\/\/www.facebook.com\/ngnrng","http:\/\/www.linkedin.com\/company\/ngn-rng","https:\/\/www.instagram.com\/national_guardians_network\/"]}]}},"_links":{"self":[{"href":"https:\/\/rng-ngn.thedev.ca\/fr\/wp-json\/wp\/v2\/pages\/855","targetHints":{"allow":["GET"]}}],"collection":[{"href":"https:\/\/rng-ngn.thedev.ca\/fr\/wp-json\/wp\/v2\/pages"}],"about":[{"href":"https:\/\/rng-ngn.thedev.ca\/fr\/wp-json\/wp\/v2\/types\/page"}],"author":[{"embeddable":true,"href":"https:\/\/rng-ngn.thedev.ca\/fr\/wp-json\/wp\/v2\/users\/1"}],"replies":[{"embeddable":true,"href":"https:\/\/rng-ngn.thedev.ca\/fr\/wp-json\/wp\/v2\/comments?post=855"}],"version-history":[{"count":3,"href":"https:\/\/rng-ngn.thedev.ca\/fr\/wp-json\/wp\/v2\/pages\/855\/revisions"}],"predecessor-version":[{"id":936,"href":"https:\/\/rng-ngn.thedev.ca\/fr\/wp-json\/wp\/v2\/pages\/855\/revisions\/936"}],"up":[{"embeddable":true,"href":"https:\/\/rng-ngn.thedev.ca\/fr\/wp-json\/wp\/v2\/pages\/830"}],"wp:featuredmedia":[{"embeddable":true,"href":"https:\/\/rng-ngn.thedev.ca\/fr\/wp-json\/wp\/v2\/media\/1004"}],"wp:attachment":[{"href":"https:\/\/rng-ngn.thedev.ca\/fr\/wp-json\/wp\/v2\/media?parent=855"}],"curies":[{"name":"wp","href":"https:\/\/api.w.org\/{rel}","templated":true}]}}