{"id":859,"date":"2023-11-24T16:13:18","date_gmt":"2023-11-24T16:13:18","guid":{"rendered":"https:\/\/rng-ngn.ca\/guardians-supports\/"},"modified":"2024-05-08T12:27:51","modified_gmt":"2024-05-08T12:27:51","slug":"possibilites","status":"publish","type":"page","link":"https:\/\/rng-ngn.thedev.ca\/fr\/possibilites\/","title":{"rendered":"Possibilit\u00e9s"},"content":{"rendered":"\n<header\n  id=\"block_f72eae73b23e7d7cfe88a4aff5248119\"\n  class=\"block hero\"\n      style=\"--bg-image: url(&quot;https:\/\/rng-ngn.thedev.ca\/wp-content\/uploads\/2024\/01\/banner-opportunities.jpg&quot;);\"\n    tabindex=\"0\"\n>\n  <div class=\"container container--grid\">\n    <div class=\"hero__content\">\n              <h1 class=\"hero__headline\">\n          Possibilit\u00e9s        <\/h1>\n              <div class=\"hero__byline\">\n          <p>Nous veillons \u00e0 ce que les gardiens des Premi\u00e8res Nations aient acc\u00e8s aux bons outils et aux bonnes relations pour prosp\u00e9rer. \u00c0 titre de premier r\u00e9seau national d\u2019intendance dirig\u00e9e par les Autochtones au monde, nous sommes fiers d\u2019offrir un financement de base et des activit\u00e9s de partage des connaissances pour permettre \u00e0 nos r\u00e9seaux, nos partenaires et nos communaut\u00e9s de se d\u00e9velopper.<\/p>\n<p><span style=\"color: var(--wp--preset--color--secondary); font-weight: bold;\">Les candidatures sont closes, veuillez vous inscrire \u00e0 notre lettre d&#8217;information pour plus d&#8217;informations.<\/span><\/p>\n        <\/div>\n      \n<a\n  href=\"https:\/\/nationalguardiansnetwork.us21.list-manage.com\/subscribe?u=705b88a8909477bde652e5fa3&#038;id=a78c044d04\"\n  class=\"btn btn--secondary\"\n  >\n  Inscrire<\/a>    <\/div>\n  <\/div>\n  <svg\n  class=\"waves waves--3\"\n  xmlns=\"http:\/\/www.w3.org\/2000\/svg\"\n  viewBox=\"0 0 1440 95.1\"\n>\n  <path\n    d=\"m1440,94.1H0V31.18c74.99,4.85,95.34-19.32,150.46-16.84,95.94,4.32,196.61,51.44,273.38,29.62,40.06-11.39,111.29-31.01,160.94-29.1,47.93,1.85,113.68,26.76,158.34,31.44,63.41,6.65,109.5-33.06,185.46-37.99,68.75-4.46,124.33,12.48,185.42,14.11,98.95,2.63,243.54-41.96,326-12.06v83.73Z\"\n    fill=\"var(--wp--preset--color--primary-100)\"\n    stroke-width=\"0\"\n  \/>\n  <path\n    d=\"m1364.8,22.2c-11.39.05-22.77.72-34.09,2-53.53,5.59-107.09,11.08-160.79,14.7-52.36,3.54-132.97,8.83-233.34,7.84-169.85-1.67-163.44-19.02-250.01-7.84-76.03,9.82-96.6,25.22-190.2,31.38-19.56,1.42-39.18,1.8-58.78,1.16-16.83-.4-34.47-.81-72.6,1.78-88.88,6.04-108.68,16.1-160.79,7.84-48.35-7.66-49.66-19.23-97.06-25.49-18.82-2.49-67.2-8.88-107.15,1.24v38.29h1440V31.9c-12.24-3.08-23.86-5.06-27.91-5.74-15.42-2.62-31.04-3.94-46.68-3.95h-.61Z\"\n    fill=\"#fff\"\n    stroke-width=\"0\"\n  \/>\n<\/svg><\/header>\n\n\n<section\n  id=\"block_9c9eadab0fa52b2088c1134bd5f0effa\"\n  class=\"block panel-cards\"\n  >\n      <ul\n      class=\"\n        panel-cards__cards\n        panel-cards__cards--count-3        container\n      \"\n    >\n              <li>\n          <div\n            class=\"panel-cards__card bg-secondary-400 panel-cards__card--full-text\"\n            style=\"\" \n          >\n                          <div\n                class=\"\n                  panel-cards__icon\n                  panel-cards__icon--narrow                \"\n              >\n                <img decoding=\"async\" src=\"https:\/\/rng-ngn.thedev.ca\/wp-content\/uploads\/2024\/02\/icon-faq-2-white.png\" alt=\"Paddle icon\">\n              <\/div>\n                          <h2 class=\"panel-cards__title\">Le Fonds des gardiens des Premi\u00e8res Nations<\/h2>\n                          <p class=\"panel-cards__text\">Le Fonds des gardiens des Premi\u00e8res Nations offre une gamme de soutiens financiers pour des projets de toutes tailles, qu\u2019il s\u2019agisse de programmes \u00e9mergents, de programmes \u00e9tablis ou de r\u00e9seaux de plus grande envergure.<\/p>\n                        <a\n              class=\"btn btn--filled btn--dark\"\n              href=\"https:\/\/rng-ngn.thedev.ca\/fr\/possibilites\/fonds-des-gardiens-des-premieres-nations\/\"\n                              aria-label=\"Le Fonds des gardiens des Premi\u00e8res Nations\"\n                          >\n              En savoir plus            <\/a>\n                      <\/div>\n        <\/li>\n              <li>\n          <div\n            class=\"panel-cards__card bg-primary-400 panel-cards__card--full-text\"\n            style=\"\" \n          >\n                          <div\n                class=\"\n                  panel-cards__icon\n                  panel-cards__icon--narrow                \"\n              >\n                <img decoding=\"async\" src=\"https:\/\/rng-ngn.thedev.ca\/wp-content\/uploads\/2024\/02\/icon-faq-3-white.png\" alt=\"Weave icon\">\n              <\/div>\n                          <h2 class=\"panel-cards__title\">Le Programme d\u2019\u00e9change des gardiens des Premi\u00e8res Nations<\/h2>\n                          <p class=\"panel-cards__text\">Le Programme d\u2019\u00e9change des gardiens des Premi\u00e8res Nations permet aux gardiens de d\u00e9couvrir les terres et les eaux d\u2019autres programmes des gardiens et d\u2019y travailler. Il favorise le partage des pratiques exemplaires et d\u2019exemples de r\u00e9ussite en plus d\u2019\u00eatre une source d\u2019inspiration.<\/p>\n                        <a\n              class=\"btn btn--filled btn--dark\"\n              href=\"https:\/\/rng-ngn.thedev.ca\/fr\/possibilites\/programme-dechange-des-gardiens-des-premieres-nations\/\"\n                              aria-label=\"Le Programme d\u2019\u00e9change des gardiens des Premi\u00e8res Nations\"\n                          >\n              En savoir plus            <\/a>\n                      <\/div>\n        <\/li>\n              <li>\n          <div\n            class=\"panel-cards__card bg-primary-600 panel-cards__card--full-text\"\n            style=\"\" \n          >\n                          <div\n                class=\"\n                  panel-cards__icon\n                  panel-cards__icon--narrow                \"\n              >\n                <img decoding=\"async\" src=\"https:\/\/rng-ngn.thedev.ca\/wp-content\/uploads\/2024\/02\/icon-faq-1-white.png\" alt=\"Bonfire icon\">\n              <\/div>\n                          <h2 class=\"panel-cards__title\">Solutions climatiques ax\u00e9es sur la nature<\/h2>\n                          <p class=\"panel-cards__text\">Le Fonds Nature Smart Climate Solutions soutiendra les futurs efforts des Gardiens dirig\u00e9s par des Autochtones. Les demandes de financement seront ouvertes en 2025.<\/p>\n                        <a\n              class=\"btn btn--filled btn--dark\"\n              href=\"https:\/\/rng-ngn.thedev.ca\/fr\/possibilites\/solutions-climatiques-axees-sur-la-nature\/\"\n                              aria-label=\"Solutions climatiques ax\u00e9es sur la nature\"\n                          >\n              En savoir plus            <\/a>\n                      <\/div>\n        <\/li>\n          <\/ul>\n  <\/section>","protected":false},"excerpt":{"rendered":"","protected":false},"author":1,"featured_media":516,"parent":0,"menu_order":0,"comment_status":"closed","ping_status":"closed","template":"","meta":{"_acf_changed":false,"footnotes":""},"class_list":["post-859","page","type-page","status-publish","has-post-thumbnail","hentry"],"acf":[],"yoast_head":"<!-- This site is optimized with the Yoast SEO plugin v22.6 - https:\/\/yoast.com\/wordpress\/plugins\/seo\/ -->\n<title>Possibilit\u00e9s - R\u00e9seau national des gardiens des Premi\u00e8res Nations<\/title>\n<meta name=\"description\" content=\"Nous veillons \u00e0 ce que les gardiens des Premi\u00e8res Nations aient acc\u00e8s aux bons outils et aux bonnes relations pour prosp\u00e9rer.\" \/>\n<meta name=\"robots\" content=\"noindex, follow, max-snippet:-1, max-image-preview:large, max-video-preview:-1\" \/>\n<meta property=\"og:locale\" content=\"fr_FR\" \/>\n<meta property=\"og:type\" content=\"article\" \/>\n<meta property=\"og:title\" content=\"Possibilit\u00e9s - R\u00e9seau national des gardiens des Premi\u00e8res Nations\" \/>\n<meta property=\"og:description\" content=\"Nous veillons \u00e0 ce que les gardiens des Premi\u00e8res Nations aient acc\u00e8s aux bons outils et aux bonnes relations pour prosp\u00e9rer.\" \/>\n<meta property=\"og:url\" content=\"https:\/\/rng-ngn.thedev.ca\/fr\/possibilites\/\" \/>\n<meta property=\"og:site_name\" content=\"R\u00e9seau national des gardiens des Premi\u00e8res Nations\" \/>\n<meta property=\"article:publisher\" content=\"http:\/\/www.facebook.com\/ngnrng\" \/>\n<meta property=\"article:modified_time\" content=\"2024-05-08T12:27:51+00:00\" \/>\n<meta property=\"og:image\" content=\"https:\/\/rng-ngn.thedev.ca\/wp-content\/uploads\/2024\/01\/banner-opportunities.jpg\" \/>\n\t<meta property=\"og:image:width\" content=\"1500\" \/>\n\t<meta property=\"og:image:height\" content=\"1000\" \/>\n\t<meta property=\"og:image:type\" content=\"image\/jpeg\" \/>\n<meta name=\"twitter:card\" content=\"summary_large_image\" \/>\n<meta name=\"twitter:title\" content=\"Possibilit\u00e9s - R\u00e9seau national des gardiens des Premi\u00e8res Nations\" \/>\n<meta name=\"twitter:description\" content=\"Nous veillons \u00e0 ce que les gardiens des Premi\u00e8res Nations aient acc\u00e8s aux bons outils et aux bonnes relations pour prosp\u00e9rer.\" \/>\n<meta name=\"twitter:image\" content=\"https:\/\/rng-ngn.thedev.ca\/wp-content\/uploads\/2024\/01\/banner-opportunities.jpg\" \/>\n<meta name=\"twitter:label1\" content=\"Est. reading time\" \/>\n\t<meta name=\"twitter:data1\" content=\"1 minute\" \/>\n<script type=\"application\/ld+json\" class=\"yoast-schema-graph\">{\"@context\":\"https:\/\/schema.org\",\"@graph\":[{\"@type\":\"WebPage\",\"@id\":\"https:\/\/rng-ngn.thedev.ca\/fr\/possibilites\/\",\"url\":\"https:\/\/rng-ngn.thedev.ca\/fr\/possibilites\/\",\"name\":\"Possibilit\u00e9s - R\u00e9seau national des gardiens des Premi\u00e8res Nations\",\"isPartOf\":{\"@id\":\"https:\/\/rng-ngn.thedev.ca\/#website\"},\"primaryImageOfPage\":{\"@id\":\"https:\/\/rng-ngn.thedev.ca\/fr\/possibilites\/#primaryimage\"},\"image\":{\"@id\":\"https:\/\/rng-ngn.thedev.ca\/fr\/possibilites\/#primaryimage\"},\"thumbnailUrl\":\"https:\/\/rng-ngn.thedev.ca\/wp-content\/uploads\/2024\/01\/banner-opportunities.jpg\",\"datePublished\":\"2023-11-24T16:13:18+00:00\",\"dateModified\":\"2024-05-08T12:27:51+00:00\",\"description\":\"Nous veillons \u00e0 ce que les gardiens des Premi\u00e8res Nations aient acc\u00e8s aux bons outils et aux bonnes relations pour prosp\u00e9rer.\",\"breadcrumb\":{\"@id\":\"https:\/\/rng-ngn.thedev.ca\/fr\/possibilites\/#breadcrumb\"},\"inLanguage\":\"fr-FR\",\"potentialAction\":[{\"@type\":\"ReadAction\",\"target\":[\"https:\/\/rng-ngn.thedev.ca\/fr\/possibilites\/\"]}]},{\"@type\":\"ImageObject\",\"inLanguage\":\"fr-FR\",\"@id\":\"https:\/\/rng-ngn.thedev.ca\/fr\/possibilites\/#primaryimage\",\"url\":\"https:\/\/rng-ngn.thedev.ca\/wp-content\/uploads\/2024\/01\/banner-opportunities.jpg\",\"contentUrl\":\"https:\/\/rng-ngn.thedev.ca\/wp-content\/uploads\/2024\/01\/banner-opportunities.jpg\",\"width\":1500,\"height\":1000},{\"@type\":\"BreadcrumbList\",\"@id\":\"https:\/\/rng-ngn.thedev.ca\/fr\/possibilites\/#breadcrumb\",\"itemListElement\":[{\"@type\":\"ListItem\",\"position\":1,\"name\":\"Home\",\"item\":\"https:\/\/rng-ngn.thedev.ca\/fr\/\"},{\"@type\":\"ListItem\",\"position\":2,\"name\":\"Possibilit\u00e9s\"}]},{\"@type\":\"WebSite\",\"@id\":\"https:\/\/rng-ngn.thedev.ca\/#website\",\"url\":\"https:\/\/rng-ngn.thedev.ca\/\",\"name\":\"First Nations National Guardians Network\",\"description\":\"We provide the tools, opportunities and investments that Guardians need to ensure thriving programs and regional networks.\",\"publisher\":{\"@id\":\"https:\/\/rng-ngn.thedev.ca\/#organization\"},\"potentialAction\":[{\"@type\":\"SearchAction\",\"target\":{\"@type\":\"EntryPoint\",\"urlTemplate\":\"https:\/\/rng-ngn.thedev.ca\/?s={search_term_string}\"},\"query-input\":\"required name=search_term_string\"}],\"inLanguage\":\"fr-FR\"},{\"@type\":\"Organization\",\"@id\":\"https:\/\/rng-ngn.thedev.ca\/#organization\",\"name\":\"First Nations National Guardians Network\",\"url\":\"https:\/\/rng-ngn.thedev.ca\/\",\"logo\":{\"@type\":\"ImageObject\",\"inLanguage\":\"fr-FR\",\"@id\":\"https:\/\/rng-ngn.thedev.ca\/#\/schema\/logo\/image\/\",\"url\":\"https:\/\/rng-ngn.thedev.ca\/wp-content\/uploads\/2024\/03\/rng_ngn_logo_horizontal_rgb.jpg\",\"contentUrl\":\"https:\/\/rng-ngn.thedev.ca\/wp-content\/uploads\/2024\/03\/rng_ngn_logo_horizontal_rgb.jpg\",\"width\":1362,\"height\":431,\"caption\":\"First Nations National Guardians Network\"},\"image\":{\"@id\":\"https:\/\/rng-ngn.thedev.ca\/#\/schema\/logo\/image\/\"},\"sameAs\":[\"http:\/\/www.facebook.com\/ngnrng\",\"http:\/\/www.linkedin.com\/company\/ngn-rng\",\"https:\/\/www.instagram.com\/national_guardians_network\/\"]}]}<\/script>\n<!-- \/ Yoast SEO plugin. -->","yoast_head_json":{"title":"Possibilit\u00e9s - R\u00e9seau national des gardiens des Premi\u00e8res Nations","description":"Nous veillons \u00e0 ce que les gardiens des Premi\u00e8res Nations aient acc\u00e8s aux bons outils et aux bonnes relations pour prosp\u00e9rer.","robots":{"index":"noindex","follow":"follow","max-snippet":"max-snippet:-1","max-image-preview":"max-image-preview:large","max-video-preview":"max-video-preview:-1"},"og_locale":"fr_FR","og_type":"article","og_title":"Possibilit\u00e9s - R\u00e9seau national des gardiens des Premi\u00e8res Nations","og_description":"Nous veillons \u00e0 ce que les gardiens des Premi\u00e8res Nations aient acc\u00e8s aux bons outils et aux bonnes relations pour prosp\u00e9rer.","og_url":"https:\/\/rng-ngn.thedev.ca\/fr\/possibilites\/","og_site_name":"R\u00e9seau national des gardiens des Premi\u00e8res Nations","article_publisher":"http:\/\/www.facebook.com\/ngnrng","article_modified_time":"2024-05-08T12:27:51+00:00","og_image":[{"width":1500,"height":1000,"url":"https:\/\/rng-ngn.thedev.ca\/wp-content\/uploads\/2024\/01\/banner-opportunities.jpg","type":"image\/jpeg"}],"twitter_card":"summary_large_image","twitter_title":"Possibilit\u00e9s - R\u00e9seau national des gardiens des Premi\u00e8res Nations","twitter_description":"Nous veillons \u00e0 ce que les gardiens des Premi\u00e8res Nations aient acc\u00e8s aux bons outils et aux bonnes relations pour prosp\u00e9rer.","twitter_image":"https:\/\/rng-ngn.thedev.ca\/wp-content\/uploads\/2024\/01\/banner-opportunities.jpg","twitter_misc":{"Est. reading time":"1 minute"},"schema":{"@context":"https:\/\/schema.org","@graph":[{"@type":"WebPage","@id":"https:\/\/rng-ngn.thedev.ca\/fr\/possibilites\/","url":"https:\/\/rng-ngn.thedev.ca\/fr\/possibilites\/","name":"Possibilit\u00e9s - R\u00e9seau national des gardiens des Premi\u00e8res Nations","isPartOf":{"@id":"https:\/\/rng-ngn.thedev.ca\/#website"},"primaryImageOfPage":{"@id":"https:\/\/rng-ngn.thedev.ca\/fr\/possibilites\/#primaryimage"},"image":{"@id":"https:\/\/rng-ngn.thedev.ca\/fr\/possibilites\/#primaryimage"},"thumbnailUrl":"https:\/\/rng-ngn.thedev.ca\/wp-content\/uploads\/2024\/01\/banner-opportunities.jpg","datePublished":"2023-11-24T16:13:18+00:00","dateModified":"2024-05-08T12:27:51+00:00","description":"Nous veillons \u00e0 ce que les gardiens des Premi\u00e8res Nations aient acc\u00e8s aux bons outils et aux bonnes relations pour prosp\u00e9rer.","breadcrumb":{"@id":"https:\/\/rng-ngn.thedev.ca\/fr\/possibilites\/#breadcrumb"},"inLanguage":"fr-FR","potentialAction":[{"@type":"ReadAction","target":["https:\/\/rng-ngn.thedev.ca\/fr\/possibilites\/"]}]},{"@type":"ImageObject","inLanguage":"fr-FR","@id":"https:\/\/rng-ngn.thedev.ca\/fr\/possibilites\/#primaryimage","url":"https:\/\/rng-ngn.thedev.ca\/wp-content\/uploads\/2024\/01\/banner-opportunities.jpg","contentUrl":"https:\/\/rng-ngn.thedev.ca\/wp-content\/uploads\/2024\/01\/banner-opportunities.jpg","width":1500,"height":1000},{"@type":"BreadcrumbList","@id":"https:\/\/rng-ngn.thedev.ca\/fr\/possibilites\/#breadcrumb","itemListElement":[{"@type":"ListItem","position":1,"name":"Home","item":"https:\/\/rng-ngn.thedev.ca\/fr\/"},{"@type":"ListItem","position":2,"name":"Possibilit\u00e9s"}]},{"@type":"WebSite","@id":"https:\/\/rng-ngn.thedev.ca\/#website","url":"https:\/\/rng-ngn.thedev.ca\/","name":"First Nations National Guardians Network","description":"We provide the tools, opportunities and investments that Guardians need to ensure thriving programs and regional networks.","publisher":{"@id":"https:\/\/rng-ngn.thedev.ca\/#organization"},"potentialAction":[{"@type":"SearchAction","target":{"@type":"EntryPoint","urlTemplate":"https:\/\/rng-ngn.thedev.ca\/?s={search_term_string}"},"query-input":"required name=search_term_string"}],"inLanguage":"fr-FR"},{"@type":"Organization","@id":"https:\/\/rng-ngn.thedev.ca\/#organization","name":"First Nations National Guardians Network","url":"https:\/\/rng-ngn.thedev.ca\/","logo":{"@type":"ImageObject","inLanguage":"fr-FR","@id":"https:\/\/rng-ngn.thedev.ca\/#\/schema\/logo\/image\/","url":"https:\/\/rng-ngn.thedev.ca\/wp-content\/uploads\/2024\/03\/rng_ngn_logo_horizontal_rgb.jpg","contentUrl":"https:\/\/rng-ngn.thedev.ca\/wp-content\/uploads\/2024\/03\/rng_ngn_logo_horizontal_rgb.jpg","width":1362,"height":431,"caption":"First Nations National Guardians Network"},"image":{"@id":"https:\/\/rng-ngn.thedev.ca\/#\/schema\/logo\/image\/"},"sameAs":["http:\/\/www.facebook.com\/ngnrng","http:\/\/www.linkedin.com\/company\/ngn-rng","https:\/\/www.instagram.com\/national_guardians_network\/"]}]}},"_links":{"self":[{"href":"https:\/\/rng-ngn.thedev.ca\/fr\/wp-json\/wp\/v2\/pages\/859","targetHints":{"allow":["GET"]}}],"collection":[{"href":"https:\/\/rng-ngn.thedev.ca\/fr\/wp-json\/wp\/v2\/pages"}],"about":[{"href":"https:\/\/rng-ngn.thedev.ca\/fr\/wp-json\/wp\/v2\/types\/page"}],"author":[{"embeddable":true,"href":"https:\/\/rng-ngn.thedev.ca\/fr\/wp-json\/wp\/v2\/users\/1"}],"replies":[{"embeddable":true,"href":"https:\/\/rng-ngn.thedev.ca\/fr\/wp-json\/wp\/v2\/comments?post=859"}],"version-history":[{"count":16,"href":"https:\/\/rng-ngn.thedev.ca\/fr\/wp-json\/wp\/v2\/pages\/859\/revisions"}],"predecessor-version":[{"id":1214,"href":"https:\/\/rng-ngn.thedev.ca\/fr\/wp-json\/wp\/v2\/pages\/859\/revisions\/1214"}],"wp:featuredmedia":[{"embeddable":true,"href":"https:\/\/rng-ngn.thedev.ca\/fr\/wp-json\/wp\/v2\/media\/516"}],"wp:attachment":[{"href":"https:\/\/rng-ngn.thedev.ca\/fr\/wp-json\/wp\/v2\/media?parent=859"}],"curies":[{"name":"wp","href":"https:\/\/api.w.org\/{rel}","templated":true}]}}