{"id":925,"date":"2023-09-01T15:52:42","date_gmt":"2023-09-01T15:52:42","guid":{"rendered":"https:\/\/rng-ngn.ca\/privacy-policy\/"},"modified":"2024-03-08T19:57:57","modified_gmt":"2024-03-08T19:57:57","slug":"privacy-policy","status":"publish","type":"page","link":"https:\/\/rng-ngn.thedev.ca\/fr\/privacy-policy\/","title":{"rendered":"Politique sur la protection des renseignements personnels"},"content":{"rendered":"\n<header\n  id=\"block_a49aeea7533ccfb1a2c4d373a8ee2f22\"\n  class=\"block hero hero--short\"\n      style=\"--bg-image: url(&quot;https:\/\/rng-ngn.thedev.ca\/wp-content\/uploads\/2024\/01\/banner-logo-story.jpg&quot;);\"\n    tabindex=\"0\"\n>\n  <div class=\"container container--grid\">\n    <div class=\"hero__content\">\n              <h1 class=\"hero__headline\">\n          Politique sur la protection des renseignements personnels        <\/h1>\n          <\/div>\n  <\/div>\n  <svg\n  class=\"waves waves--1\"\n  xmlns=\"http:\/\/www.w3.org\/2000\/svg\"\n  viewBox=\"0 0 1440.35 73.7\"\n>\n  <path\n    d=\"m1440.35,52.79v19.91H0V3.76C46.62-2.98,88.46.24,132.81,6.36c28.59,3.94,58.23,9.09,90.87,13.56,23.84,3.26,49.28,6.17,77.09,7.97,124.92,8.1,280.32-40.83,374.41-24.13,64.81,11.51,118.11,30.05,166.22,42.48,21.73,5.62,42.41,9.98,62.6,11.9,14.77,1.4,34.4-.75,56.66-4.69,75.51-13.34,181.31-47.25,230.59-33.01,29.07,8.4,71.52,16.09,114.52,21.88,51.2,6.88,103.18,11.05,134.23,10.48.12-.01.23-.01.35-.01Z\"\n    fill=\"var(--wp--preset--color--primary-100)\"\n    stroke-width=\"0\"\n  \/>\n  <path\n    d=\"m1440,47.85v25.85H0v-18.95C37.93,49.03,81.17,15.5,132.81,7.36c5.99-.95,12.1-1.55,18.33-1.73,23.69-.56,48.02,6.38,72.54,15.29,34.56,12.55,69.49,29,103.48,33.83,58.09,8.25,130.02-29.33,208.16-24.7,58.02,5.21,80.29,24.06,148.77,31.21,50.63,5.29,117.36-8.92,151.87-13.41,1.78-.23,3.59-.44,5.44-.61,32.39-3.15,75.01,1.58,119.26,7.21,68.65,8.75,141.24,19.68,185.65,6.81,38.33-11.11,100.66-16.45,159.46-17.94,55.76-1.42,108.33.64,134.23,4.53Z\"\n    fill=\"#fff\"\n    stroke-width=\"0\"\n  \/>\n<\/svg><\/header>\n\n<section\n  id=\"block_66a747ab8d6e4278946de4afd12c7ee6\"\n  class=\"block section-group pt-70 pb-70\"\n    tabindex=\"0\"\n>\n  <div class=\"container container--grid container--grid\">\n        \n    <div class=\"block__inner container__inner\">\n\n<div\n  id=\"block_7254febe7774674d3232459464b5a69b\"\n  class=\"block regular-content block--subgrid\"\n  >\n\n  \n  <div class=\"block__content\">\n        <div class=\"block__text\">\n      <p>Le R\u00e9seau national des gardiens des Premi\u00e8res Nations (\u00ab\u00a0nous\u00a0\u00bb ou \u00ab\u00a0notre\u00a0\u00bb) exploite le site\u00a0<a href=\"https:\/\/rng-ngn.thedev.ca\/\">https:\/\/rng-ngn.thedev.ca\/<\/a>\u00a0(le \u00ab\u00a0site\u00a0\u00bb). Vous trouverez sur cette page de l\u2019information sur nos politiques concernant la collecte, l\u2019utilisation et la communication des renseignements personnels que nous recevons \u00e0 propos des utilisateurs du site.<\/p>\n<h2>Collecte et utilisation des renseignements personnels :<\/h2>\n<p>Lorsque vous utilisez notre site, nous pourrions vous demander de fournir certains renseignements qui permettent de vous identifier et qui sont susceptibles d\u2019\u00eatre utilis\u00e9s pour communiquer avec vous ou vous identifier. Les renseignements permettant de vous identifier peuvent inclure, sans s\u2019y limiter, votre nom, votre adresse courriel, votre adresse postale et votre num\u00e9ro de t\u00e9l\u00e9phone (\u00ab\u00a0renseignements personnels\u00a0\u00bb).<\/p>\n<h2>Donn\u00e9es du journal :<\/h2>\n<p>Comme de nombreux exploitants de sites Web, nous recueillons des informations transmises par votre navigateur lorsque vous visitez notre site (\u00ab\u00a0donn\u00e9es de journal\u00a0\u00bb). Ces donn\u00e9es de journal peuvent inclure des informations comme l\u2019adresse de protocole Internet (\u00ab\u00a0IP\u00a0\u00bb) de votre ordinateur, le type de navigateur et la version utilis\u00e9s, les pages de notre site que vous visitez, l\u2019heure et la date de votre visite, le temps pass\u00e9 sur ces pages et d\u2019autres statistiques.<\/p>\n<h2>T\u00e9moins :<\/h2>\n<p>Les t\u00e9moins sont des fichiers contenant de petites quantit\u00e9s de donn\u00e9es, qui peuvent inclure un identifiant unique anonyme. Les t\u00e9moins sont envoy\u00e9s \u00e0 votre navigateur par un site Web et sont stock\u00e9s sur le disque dur de votre ordinateur. Comme de nombreux sites, nous utilisons des \u00ab\u00a0t\u00e9moins\u00a0\u00bb pour recueillir des informations. Vous pouvez configurer votre navigateur pour qu\u2019il refuse tous les t\u00e9moins ou pour qu\u2019il vous indique quand un t\u00e9moin est envoy\u00e9. Toutefois, si vous n\u2019acceptez pas les t\u00e9moins, certaines sections de notre site pourraient ne plus \u00eatre accessibles.<\/p>\n<h2>S\u00e9curit\u00e9 :<\/h2>\n<p>La s\u00e9curit\u00e9 de vos renseignements personnels est importante pour nous. Cela dit, rappelez-vous qu\u2019aucune m\u00e9thode de transmission ou de stockage en ligne des donn\u00e9es n\u2019est s\u00fbre \u00e0 100 %. Bien que nous nous efforcions d\u2019utiliser des outils offrant un niveau de protection des renseignements personnels qui satisfait aux exigences de l\u2019industrie, nous ne pouvons pas garantir une protection absolue.<\/p>\n<h2>Modifications \u00e0 la pr\u00e9sente politique sur la protection des renseignements personnels :<\/h2>\n<p>La pr\u00e9sente politique sur la protection des renseignements personnels entre en vigueur le 1<sup>er<\/sup> janvier 2024 et le demeurera, sauf en ce qui concerne tout changement \u00e0 venir \u00e0 ses modalit\u00e9s, qui entreront en vigueur imm\u00e9diatement apr\u00e8s leur publication sur cette page.<\/p>\n<p>Nous nous r\u00e9servons le droit de mettre \u00e0 jour ou de modifier notre politique sur la protection des renseignements personnels \u00e0 tout moment, et nous vous invitons \u00e0 consulter r\u00e9guli\u00e8rement cette politique sur la protection des renseignements personnels. En continuant \u00e0 utiliser le service apr\u00e8s la publication de toute modification \u00e0 la politique sur la protection des renseignements personnels publi\u00e9e sur cette page, vous acceptez ces modifications, et vous adh\u00e9rez \u00e0 la politique sur la protection des renseignements personnels et acceptez d\u2019\u00eatre li\u00e9 par celle-ci.<\/p>\n<h2>Nous contacter :<\/h2>\n<p>Pour toute question concernant la pr\u00e9sente politique sur la protection des renseignements personnels, \u00e9crivez-nous \u00e0 <a href=\"mailto:info@rng-ngn.thedev.ca\">info@rng-ngn.thedev.ca<\/a><\/p>\n    <\/div>\n      <\/div>\n<\/div>\n\n<\/div>\n\n      <\/div>\n\n  <\/section>","protected":false},"excerpt":{"rendered":"","protected":false},"author":1,"featured_media":0,"parent":0,"menu_order":0,"comment_status":"closed","ping_status":"closed","template":"","meta":{"_acf_changed":false,"footnotes":""},"class_list":["post-925","page","type-page","status-publish","hentry"],"acf":[],"yoast_head":"<!-- This site is optimized with the Yoast SEO plugin v22.6 - https:\/\/yoast.com\/wordpress\/plugins\/seo\/ -->\n<title>Politique sur la protection des renseignements personnels - R\u00e9seau national des gardiens des Premi\u00e8res Nations<\/title>\n<meta name=\"robots\" content=\"noindex, follow, max-snippet:-1, max-image-preview:large, max-video-preview:-1\" \/>\n<meta property=\"og:locale\" content=\"fr_FR\" \/>\n<meta property=\"og:type\" content=\"article\" \/>\n<meta property=\"og:title\" content=\"Politique sur la protection des renseignements personnels - R\u00e9seau national des gardiens des Premi\u00e8res Nations\" \/>\n<meta property=\"og:url\" content=\"https:\/\/rng-ngn.thedev.ca\/privacy-policy\/\" \/>\n<meta property=\"og:site_name\" content=\"R\u00e9seau national des gardiens des Premi\u00e8res Nations\" \/>\n<meta property=\"article:publisher\" content=\"http:\/\/www.facebook.com\/ngnrng\" \/>\n<meta property=\"article:modified_time\" content=\"2024-03-08T19:57:57+00:00\" \/>\n<meta name=\"twitter:card\" content=\"summary_large_image\" \/>\n<script type=\"application\/ld+json\" class=\"yoast-schema-graph\">{\"@context\":\"https:\/\/schema.org\",\"@graph\":[{\"@type\":\"WebPage\",\"@id\":\"https:\/\/rng-ngn.thedev.ca\/privacy-policy\/\",\"url\":\"https:\/\/rng-ngn.thedev.ca\/privacy-policy\/\",\"name\":\"Politique sur la protection des renseignements personnels - R\u00e9seau national des gardiens des Premi\u00e8res Nations\",\"isPartOf\":{\"@id\":\"https:\/\/rng-ngn.thedev.ca\/#website\"},\"datePublished\":\"2023-09-01T15:52:42+00:00\",\"dateModified\":\"2024-03-08T19:57:57+00:00\",\"breadcrumb\":{\"@id\":\"https:\/\/rng-ngn.thedev.ca\/privacy-policy\/#breadcrumb\"},\"inLanguage\":\"fr-FR\",\"potentialAction\":[{\"@type\":\"ReadAction\",\"target\":[\"https:\/\/rng-ngn.thedev.ca\/privacy-policy\/\"]}]},{\"@type\":\"BreadcrumbList\",\"@id\":\"https:\/\/rng-ngn.thedev.ca\/privacy-policy\/#breadcrumb\",\"itemListElement\":[{\"@type\":\"ListItem\",\"position\":1,\"name\":\"Home\",\"item\":\"https:\/\/rng-ngn.thedev.ca\/fr\/\"},{\"@type\":\"ListItem\",\"position\":2,\"name\":\"Politique sur la protection des renseignements personnels\"}]},{\"@type\":\"WebSite\",\"@id\":\"https:\/\/rng-ngn.thedev.ca\/#website\",\"url\":\"https:\/\/rng-ngn.thedev.ca\/\",\"name\":\"First Nations National Guardians Network\",\"description\":\"We provide the tools, opportunities and investments that Guardians need to ensure thriving programs and regional networks.\",\"publisher\":{\"@id\":\"https:\/\/rng-ngn.thedev.ca\/#organization\"},\"potentialAction\":[{\"@type\":\"SearchAction\",\"target\":{\"@type\":\"EntryPoint\",\"urlTemplate\":\"https:\/\/rng-ngn.thedev.ca\/?s={search_term_string}\"},\"query-input\":\"required name=search_term_string\"}],\"inLanguage\":\"fr-FR\"},{\"@type\":\"Organization\",\"@id\":\"https:\/\/rng-ngn.thedev.ca\/#organization\",\"name\":\"First Nations National Guardians Network\",\"url\":\"https:\/\/rng-ngn.thedev.ca\/\",\"logo\":{\"@type\":\"ImageObject\",\"inLanguage\":\"fr-FR\",\"@id\":\"https:\/\/rng-ngn.thedev.ca\/#\/schema\/logo\/image\/\",\"url\":\"https:\/\/rng-ngn.thedev.ca\/wp-content\/uploads\/2024\/03\/rng_ngn_logo_horizontal_rgb.jpg\",\"contentUrl\":\"https:\/\/rng-ngn.thedev.ca\/wp-content\/uploads\/2024\/03\/rng_ngn_logo_horizontal_rgb.jpg\",\"width\":1362,\"height\":431,\"caption\":\"First Nations National Guardians Network\"},\"image\":{\"@id\":\"https:\/\/rng-ngn.thedev.ca\/#\/schema\/logo\/image\/\"},\"sameAs\":[\"http:\/\/www.facebook.com\/ngnrng\",\"http:\/\/www.linkedin.com\/company\/ngn-rng\",\"https:\/\/www.instagram.com\/national_guardians_network\/\"]}]}<\/script>\n<!-- \/ Yoast SEO plugin. -->","yoast_head_json":{"title":"Politique sur la protection des renseignements personnels - R\u00e9seau national des gardiens des Premi\u00e8res Nations","robots":{"index":"noindex","follow":"follow","max-snippet":"max-snippet:-1","max-image-preview":"max-image-preview:large","max-video-preview":"max-video-preview:-1"},"og_locale":"fr_FR","og_type":"article","og_title":"Politique sur la protection des renseignements personnels - R\u00e9seau national des gardiens des Premi\u00e8res Nations","og_url":"https:\/\/rng-ngn.thedev.ca\/privacy-policy\/","og_site_name":"R\u00e9seau national des gardiens des Premi\u00e8res Nations","article_publisher":"http:\/\/www.facebook.com\/ngnrng","article_modified_time":"2024-03-08T19:57:57+00:00","twitter_card":"summary_large_image","schema":{"@context":"https:\/\/schema.org","@graph":[{"@type":"WebPage","@id":"https:\/\/rng-ngn.thedev.ca\/privacy-policy\/","url":"https:\/\/rng-ngn.thedev.ca\/privacy-policy\/","name":"Politique sur la protection des renseignements personnels - R\u00e9seau national des gardiens des Premi\u00e8res Nations","isPartOf":{"@id":"https:\/\/rng-ngn.thedev.ca\/#website"},"datePublished":"2023-09-01T15:52:42+00:00","dateModified":"2024-03-08T19:57:57+00:00","breadcrumb":{"@id":"https:\/\/rng-ngn.thedev.ca\/privacy-policy\/#breadcrumb"},"inLanguage":"fr-FR","potentialAction":[{"@type":"ReadAction","target":["https:\/\/rng-ngn.thedev.ca\/privacy-policy\/"]}]},{"@type":"BreadcrumbList","@id":"https:\/\/rng-ngn.thedev.ca\/privacy-policy\/#breadcrumb","itemListElement":[{"@type":"ListItem","position":1,"name":"Home","item":"https:\/\/rng-ngn.thedev.ca\/fr\/"},{"@type":"ListItem","position":2,"name":"Politique sur la protection des renseignements personnels"}]},{"@type":"WebSite","@id":"https:\/\/rng-ngn.thedev.ca\/#website","url":"https:\/\/rng-ngn.thedev.ca\/","name":"First Nations National Guardians Network","description":"We provide the tools, opportunities and investments that Guardians need to ensure thriving programs and regional networks.","publisher":{"@id":"https:\/\/rng-ngn.thedev.ca\/#organization"},"potentialAction":[{"@type":"SearchAction","target":{"@type":"EntryPoint","urlTemplate":"https:\/\/rng-ngn.thedev.ca\/?s={search_term_string}"},"query-input":"required name=search_term_string"}],"inLanguage":"fr-FR"},{"@type":"Organization","@id":"https:\/\/rng-ngn.thedev.ca\/#organization","name":"First Nations National Guardians Network","url":"https:\/\/rng-ngn.thedev.ca\/","logo":{"@type":"ImageObject","inLanguage":"fr-FR","@id":"https:\/\/rng-ngn.thedev.ca\/#\/schema\/logo\/image\/","url":"https:\/\/rng-ngn.thedev.ca\/wp-content\/uploads\/2024\/03\/rng_ngn_logo_horizontal_rgb.jpg","contentUrl":"https:\/\/rng-ngn.thedev.ca\/wp-content\/uploads\/2024\/03\/rng_ngn_logo_horizontal_rgb.jpg","width":1362,"height":431,"caption":"First Nations National Guardians Network"},"image":{"@id":"https:\/\/rng-ngn.thedev.ca\/#\/schema\/logo\/image\/"},"sameAs":["http:\/\/www.facebook.com\/ngnrng","http:\/\/www.linkedin.com\/company\/ngn-rng","https:\/\/www.instagram.com\/national_guardians_network\/"]}]}},"_links":{"self":[{"href":"https:\/\/rng-ngn.thedev.ca\/fr\/wp-json\/wp\/v2\/pages\/925","targetHints":{"allow":["GET"]}}],"collection":[{"href":"https:\/\/rng-ngn.thedev.ca\/fr\/wp-json\/wp\/v2\/pages"}],"about":[{"href":"https:\/\/rng-ngn.thedev.ca\/fr\/wp-json\/wp\/v2\/types\/page"}],"author":[{"embeddable":true,"href":"https:\/\/rng-ngn.thedev.ca\/fr\/wp-json\/wp\/v2\/users\/1"}],"replies":[{"embeddable":true,"href":"https:\/\/rng-ngn.thedev.ca\/fr\/wp-json\/wp\/v2\/comments?post=925"}],"version-history":[{"count":1,"href":"https:\/\/rng-ngn.thedev.ca\/fr\/wp-json\/wp\/v2\/pages\/925\/revisions"}],"predecessor-version":[{"id":982,"href":"https:\/\/rng-ngn.thedev.ca\/fr\/wp-json\/wp\/v2\/pages\/925\/revisions\/982"}],"wp:attachment":[{"href":"https:\/\/rng-ngn.thedev.ca\/fr\/wp-json\/wp\/v2\/media?parent=925"}],"curies":[{"name":"wp","href":"https:\/\/api.w.org\/{rel}","templated":true}]}}